{"id":989413,"date":"2022-11-14T14:18:23","date_gmt":"2022-11-14T14:18:23","guid":{"rendered":"http:\/\/bor-usa.com\/product\/c60-series-window-frame\/"},"modified":"2023-06-12T12:59:04","modified_gmt":"2023-06-12T12:59:04","slug":"marco-de-ventana-de-la-serie-c60","status":"publish","type":"product","link":"https:\/\/bor-usa.com\/es\/producto\/marco-de-ventana-de-la-serie-c60\/","title":{"rendered":"Marco de ventana de la serie C60"},"content":{"rendered":"<p>Los sistemas de marcos de ventanas de aluminio C60 tienen un grosor de 60 mm y tienen la capacidad de moverse tanto hacia adentro como hacia afuera. Como se utilizan en el interior, no son resistentes al calor. Por otro lado, es muy f\u00e1cil reemplazar las partes de vidrio en estos perfiles. Crean una gran vista. Adem\u00e1s, tienen mucho \u00e9xito en ahorrar m\u00e1s espacio. Estas son las caracter\u00edsticas m\u00e1s importantes y las razones para utilizar marcos de ventanas de aluminio C60.<\/p>\n","protected":false},"excerpt":{"rendered":"<p><strong>Marco de ventana de aluminio serie C60<\/strong><\/p>\n<div>La serie C60 es un tipo de perfil de aluminio que se utiliza para marcos de ventanas. Estas ventanas se utilizan generalmente para uso interior, especialmente para escaparates y salas de exposici\u00f3n. La caracter\u00edstica destacada del C60 es que no es t\u00e9rmico.<\/div>\n","protected":false},"featured_media":989181,"comment_status":"closed","ping_status":"closed","template":"","meta":[],"product_brand":[],"product_cat":[534],"product_tag":[],"class_list":{"0":"post-989413","1":"product","2":"type-product","3":"status-publish","4":"has-post-thumbnail","6":"product_cat-perfiles-de-aluminio","8":"first","9":"instock","10":"shipping-taxable","11":"product-type-simple","12":"prodpage-style2"},"_links":{"self":[{"href":"https:\/\/bor-usa.com\/es\/wp-json\/wp\/v2\/product\/989413","targetHints":{"allow":["GET"]}}],"collection":[{"href":"https:\/\/bor-usa.com\/es\/wp-json\/wp\/v2\/product"}],"about":[{"href":"https:\/\/bor-usa.com\/es\/wp-json\/wp\/v2\/types\/product"}],"replies":[{"embeddable":true,"href":"https:\/\/bor-usa.com\/es\/wp-json\/wp\/v2\/comments?post=989413"}],"wp:featuredmedia":[{"embeddable":true,"href":"https:\/\/bor-usa.com\/es\/wp-json\/wp\/v2\/media\/989181"}],"wp:attachment":[{"href":"https:\/\/bor-usa.com\/es\/wp-json\/wp\/v2\/media?parent=989413"}],"wp:term":[{"taxonomy":"product_brand","embeddable":true,"href":"https:\/\/bor-usa.com\/es\/wp-json\/wp\/v2\/product_brand?post=989413"},{"taxonomy":"product_cat","embeddable":true,"href":"https:\/\/bor-usa.com\/es\/wp-json\/wp\/v2\/product_cat?post=989413"},{"taxonomy":"product_tag","embeddable":true,"href":"https:\/\/bor-usa.com\/es\/wp-json\/wp\/v2\/product_tag?post=989413"}],"curies":[{"name":"wp","href":"https:\/\/api.w.org\/{rel}","templated":true}]}}