{"id":989418,"date":"2022-11-14T14:18:23","date_gmt":"2022-11-14T14:18:23","guid":{"rendered":"http:\/\/bor-usa.com\/product\/miscellaneous-profiles\/"},"modified":"2023-06-12T12:58:10","modified_gmt":"2023-06-12T12:58:10","slug":"perfiles-varios","status":"publish","type":"product","link":"https:\/\/bor-usa.com\/es\/producto\/perfiles-varios\/","title":{"rendered":"Perfiles varios"},"content":{"rendered":"<p>En realidad, no tienen un \u00e1rea de uso espec\u00edfica. Pero es posible recortarlos para que sean adecuados para el lugar en el que se utilizar\u00e1n. Porque se taladran o cortan f\u00e1cilmente como los dem\u00e1s tipos de perfiles de aluminio.<br \/>\nPor otro lado, es posible utilizar una placa de lapeado para cubrir una junta entre dos materiales diferentes.<\/p>\n","protected":false},"excerpt":{"rendered":"<p><strong>Perfiles varios<\/strong><\/p>\n<div>Este tipo de perfil de extrusi\u00f3n de aluminio es diferente de los tipos de perfil de aluminio comunes y conocidos. Son diferentes de las formas de perfil de aluminio generalmente preferidas. De acuerdo con dise\u00f1os y necesidades especiales, fabricamos diferentes rangos de \u00e1ngulos, canales, barras, l\u00e1minas y otros tipos de extrusi\u00f3n de aluminio.<\/div>\n","protected":false},"featured_media":989191,"comment_status":"closed","ping_status":"closed","template":"","meta":[],"product_brand":[],"product_cat":[534],"product_tag":[],"class_list":{"0":"post-989418","1":"product","2":"type-product","3":"status-publish","4":"has-post-thumbnail","6":"product_cat-perfiles-de-aluminio","8":"first","9":"instock","10":"shipping-taxable","11":"product-type-simple","12":"prodpage-style2"},"_links":{"self":[{"href":"https:\/\/bor-usa.com\/es\/wp-json\/wp\/v2\/product\/989418","targetHints":{"allow":["GET"]}}],"collection":[{"href":"https:\/\/bor-usa.com\/es\/wp-json\/wp\/v2\/product"}],"about":[{"href":"https:\/\/bor-usa.com\/es\/wp-json\/wp\/v2\/types\/product"}],"replies":[{"embeddable":true,"href":"https:\/\/bor-usa.com\/es\/wp-json\/wp\/v2\/comments?post=989418"}],"wp:featuredmedia":[{"embeddable":true,"href":"https:\/\/bor-usa.com\/es\/wp-json\/wp\/v2\/media\/989191"}],"wp:attachment":[{"href":"https:\/\/bor-usa.com\/es\/wp-json\/wp\/v2\/media?parent=989418"}],"wp:term":[{"taxonomy":"product_brand","embeddable":true,"href":"https:\/\/bor-usa.com\/es\/wp-json\/wp\/v2\/product_brand?post=989418"},{"taxonomy":"product_cat","embeddable":true,"href":"https:\/\/bor-usa.com\/es\/wp-json\/wp\/v2\/product_cat?post=989418"},{"taxonomy":"product_tag","embeddable":true,"href":"https:\/\/bor-usa.com\/es\/wp-json\/wp\/v2\/product_tag?post=989418"}],"curies":[{"name":"wp","href":"https:\/\/api.w.org\/{rel}","templated":true}]}}