{"id":989420,"date":"2022-11-14T14:18:23","date_gmt":"2022-11-14T14:18:23","guid":{"rendered":"http:\/\/bor-usa.com\/product\/aluminum-window-sills-profiles\/"},"modified":"2023-06-12T12:59:12","modified_gmt":"2023-06-12T12:59:12","slug":"perfiles-de-alfeizares-de-ventanas-de-aluminio","status":"publish","type":"product","link":"https:\/\/bor-usa.com\/es\/producto\/perfiles-de-alfeizares-de-ventanas-de-aluminio\/","title":{"rendered":"Perfiles de alf\u00e9izares de ventanas de aluminio"},"content":{"rendered":"<div><strong>Perfiles de alf\u00e9izares de ventanas de aluminio<\/strong><\/div>\n<div><\/div>\n<h2>\u00bfQu\u00e9 son los alf\u00e9izares de las ventanas de aluminio ?<\/h2>\n<div>\n<p>Como fabricante de perfiles de aluminio, tambi\u00e9n podemos fabricar marcos de ventanas de aluminio. Nadie no sabe lo extendida que est\u00e1 la carpinter\u00eda de aluminio en la actualidad. La carpinter\u00eda de aluminio, que se utiliza en todos los sistemas constructivos y decoraciones de espacios de nueva creaci\u00f3n, se ha vuelto m\u00e1s popular con su moda en la actualidad. La carpinter\u00eda, que llama la atenci\u00f3n porque crea una l\u00ednea moderna adem\u00e1s de productos \u00fatiles, tambi\u00e9n es utilizada por muchas personas y empresas en la actualidad. En este sentido, en nuestra empresa se pueden fabricar diferentes modelos de carpinter\u00eda de aluminio que pueden gustar a todos los gustos.<\/p>\n<p>Entonces, como podemos entender por las contraventanas y las persianas, el aluminio es un gran material para este producto. Un alf\u00e9izar de aluminio puede proporcionar todos estos objetivos con poco o ning\u00fan costo de mantenimiento. Las correderas de alf\u00e9izares de aluminio y los rieles de alf\u00e9izares de aluminio son muy exitosos para proteger nuestras ventanas y edificios del ruido, el agua de lluvia y problemas clim\u00e1ticos importantes como el viento. Tambi\u00e9n son muy \u00fatiles en el aislamiento t\u00e9rmico. Con pocos costos de mantenimiento, puede tener una vista muy beneficiosa y moderna de su edificio.<\/p>\n<p>Los perfiles de ventanas de aluminio son similares en muchos diagramas y caracter\u00edsticas como productos producibles.<\/p>\n<\/div>\n<ul>\n<li>\u00a0Se puede producir un m\u00e1ximo de 3 metros.<\/li>\n<li>\u00a0Se puede recubrir con pintura en polvo para obtener antepechos de diferentes colores.<\/li>\n<li>\u00a0Se puede utilizar para edificios residenciales y comerciales.<\/li>\n<li>\u00a0Los alf\u00e9izares de las ventanas de aluminio se fabrican con aleaci\u00f3n de aluminio.<\/li>\n<li>\u00a0Es f\u00e1cil de mantener y adecuado para un uso prolongado. Tiene una vida \u00fatil de al menos 30 a\u00f1os.<\/li>\n<\/ul>\n<div><strong>Puede aumentar la eficiencia energ\u00e9tica con perfiles de ventanas de aluminio.<\/strong><\/div>\n<div>Los perfiles de ventanas de aluminio se encuentran entre los tipos de perfiles m\u00e1s utilizados en la actualidad. Porque es altamente resistente al agua ya la humedad. Y proporciona eficiencia t\u00e9rmica. Es por eso que los marcos de las ventanas de aluminio son productos indispensables de los hogares.<br \/>\nSi desea evitar que el aire fr\u00edo pueda ingresar a la casa desde el exterior, definitivamente debe elegir los alf\u00e9izares de las ventanas de aluminio. Adem\u00e1s, como sabr\u00e1s, el aluminio es un material ligero y por tanto muy f\u00e1cil de montar e instalar.<br \/>\nLos antepechos aplicados para antepechos de ventanas interiores y exteriores son compatibles con cualquier estructura de pared y se pueden producir en diferentes tama\u00f1os.<\/div>\n<h2>Beneficios de los alf\u00e9izares de las ventanas de aluminio<\/h2>\n<ul>\n<li>\u00a0Evita que entre fr\u00edo en la casa desde el exterior.<\/li>\n<li>\u00a0Es luz.<\/li>\n<li>\u00a0F\u00e1cil de instalar.<\/li>\n<li>\u00a0Tama\u00f1o especial producido.<\/li>\n<li>\u00a0Tiene un estilo campestre tradicional y moderno.<\/li>\n<li>\u00a0Adecuado para aplicaciones interiores y exteriores de madera y aluminio.<\/li>\n<li>\u00a0La lista actual se puede adaptar.<\/li>\n<\/ul>\n<h2>Caracter\u00edsticas de los alf\u00e9izares de las ventanas de aluminio<\/h2>\n<div>\n<table>\n<tbody>\n<tr>\n<td width=\"307\">Funci\u00f3n Perfect Corner Join<\/td>\n<td width=\"307\">Con el sistema de m\u00e1quina expr\u00e9s, las ventanas aseguran una vida m\u00e1s larga con el sistema de pasador de uni\u00f3n de esquina perfecto y sin problemas.<\/td>\n<\/tr>\n<tr>\n<td width=\"307\">Funci\u00f3n de aplicaci\u00f3n de doble apertura<\/td>\n<td width=\"307\">Proporcione circulaci\u00f3n de aire fresco y ventilaci\u00f3n de la habitaci\u00f3n sin p\u00e9rdida de calor siempre que las ventanas basculantes permanezcan abiertas cuando est\u00e9n en la posici\u00f3n de espejo de popa.<\/td>\n<\/tr>\n<tr>\n<td width=\"307\">Funci\u00f3n de aplicaci\u00f3n de marcos de ventana ajustables<\/p>\n<p>&nbsp;<\/td>\n<td width=\"307\">Gracias a la cama de alf\u00e9izar enchufable especialmente dise\u00f1ada, cierra las im\u00e1genes de los defectos de la pared que se producen despu\u00e9s de la instalaci\u00f3n de la ventana. Brinda una apariencia arquitect\u00f3nica e integridad con la ventana con el alf\u00e9izar ajustable que se puede colocar despu\u00e9s de pintar.<\/td>\n<\/tr>\n<\/tbody>\n<\/table>\n<h3>Alf\u00e9izares de ventanas exteriores de aluminio a la venta<\/h3>\n<\/div>\n<div>La tecnolog\u00eda moderna combinada con el aluminio aporta elegancia a los marcos de las ventanas. Con su muy alta durabilidad y uso funcional, los perfiles de alf\u00e9izar de ventana agregar\u00e1n una apariencia est\u00e9tica a sus ventanas. Estos perfiles, que se pueden producir en diferentes tonos de gris, se encuentran entre los perfiles de aluminio m\u00e1s utilizados.<br \/>\nSi est\u00e1 buscando un producto que pueda usar y con el que estar satisfecho durante muchos a\u00f1os, puede elegir los alf\u00e9izares de las ventanas de aluminio. Como Bor Aluminium, somos fabricantes de marcos de ventanas de aluminio. Para obtener m\u00e1s informaci\u00f3n sobre marcos de ventanas de aluminio al por mayor, cont\u00e1ctenos. \u00a1Cont\u00e1ctenos para aprovechar los precios reducidos!<\/div>\n","protected":false},"excerpt":{"rendered":"<p><strong>Perfiles de alf\u00e9izar de aluminio<\/strong><\/p>\n<div>Un alf\u00e9izar de ventana (o como se escribe alf\u00e9izar de ventana) es un material de construcci\u00f3n estructural que se coloca horizontalmente en la parte inferior exterior de una ventana. El prop\u00f3sito m\u00e1s importante de un alf\u00e9izar es sostener una ventana para que se pare en su espacio. Adem\u00e1s, son muy efectivos para alejar el agua de lluvia de la ventana y la pared. Y, su fin \u00faltimo es la est\u00e9tica.<\/div>\n","protected":false},"featured_media":989192,"comment_status":"closed","ping_status":"closed","template":"","meta":[],"product_brand":[],"product_cat":[538,550,534,543,541,552,553,546],"product_tag":[],"class_list":{"0":"post-989420","1":"product","2":"type-product","3":"status-publish","4":"has-post-thumbnail","6":"product_cat-aluminio-anodizado","7":"product_cat-maquinaria-pesada-equipos-industriales","8":"product_cat-perfiles-de-aluminio","9":"product_cat-sector-construccion-arquitectura","10":"product_cat-sector-de-las-energias-renovables","11":"product_cat-soluciones-electronicas-hvac","12":"product_cat-soluciones-marinas-offshore","13":"product_cat-transporte-y-automocion","15":"first","16":"instock","17":"shipping-taxable","18":"product-type-simple","19":"prodpage-style2"},"_links":{"self":[{"href":"https:\/\/bor-usa.com\/es\/wp-json\/wp\/v2\/product\/989420","targetHints":{"allow":["GET"]}}],"collection":[{"href":"https:\/\/bor-usa.com\/es\/wp-json\/wp\/v2\/product"}],"about":[{"href":"https:\/\/bor-usa.com\/es\/wp-json\/wp\/v2\/types\/product"}],"replies":[{"embeddable":true,"href":"https:\/\/bor-usa.com\/es\/wp-json\/wp\/v2\/comments?post=989420"}],"wp:featuredmedia":[{"embeddable":true,"href":"https:\/\/bor-usa.com\/es\/wp-json\/wp\/v2\/media\/989192"}],"wp:attachment":[{"href":"https:\/\/bor-usa.com\/es\/wp-json\/wp\/v2\/media?parent=989420"}],"wp:term":[{"taxonomy":"product_brand","embeddable":true,"href":"https:\/\/bor-usa.com\/es\/wp-json\/wp\/v2\/product_brand?post=989420"},{"taxonomy":"product_cat","embeddable":true,"href":"https:\/\/bor-usa.com\/es\/wp-json\/wp\/v2\/product_cat?post=989420"},{"taxonomy":"product_tag","embeddable":true,"href":"https:\/\/bor-usa.com\/es\/wp-json\/wp\/v2\/product_tag?post=989420"}],"curies":[{"name":"wp","href":"https:\/\/api.w.org\/{rel}","templated":true}]}}