{"id":989422,"date":"2022-11-14T14:18:23","date_gmt":"2022-11-14T14:18:23","guid":{"rendered":"http:\/\/bor-usa.com\/product\/edge-cover-profile\/"},"modified":"2023-06-12T12:59:18","modified_gmt":"2023-06-12T12:59:18","slug":"perfil-de-cubierta-de-borde","status":"publish","type":"product","link":"https:\/\/bor-usa.com\/es\/producto\/perfil-de-cubierta-de-borde\/","title":{"rendered":"Perfil de cubierta de borde"},"content":{"rendered":"<p>Al ser el aluminio un material muy duradero y est\u00e9tico, el perfil cubrecantos de aluminio se convierte en una elecci\u00f3n perfecta para su uso en los cantos.<\/p>\n<p>Seg\u00fan la necesidad, el perfil puede tener diferentes formas. Pero en general, tienen forma de L o similar.<\/p>\n","protected":false},"excerpt":{"rendered":"<p><strong>Perfil de cubierta de borde de aluminio<\/strong><\/p>\n<div>El prop\u00f3sito principal del perfil de cubierta de borde de aluminio o el perfil de esquina de aluminio es la protecci\u00f3n. Hay tantos art\u00edculos o muebles que usamos en nuestra vida diaria que tienen esquinas afiladas. El borde de aluminio se utiliza para proteger a nuestros hijos de los da\u00f1os de estos bordes. Todo puede estar afilado en los bordes y requerir una cubierta.<\/div>\n","protected":false},"featured_media":989184,"comment_status":"closed","ping_status":"closed","template":"","meta":[],"product_brand":[],"product_cat":[534],"product_tag":[],"class_list":{"0":"post-989422","1":"product","2":"type-product","3":"status-publish","4":"has-post-thumbnail","6":"product_cat-perfiles-de-aluminio","8":"first","9":"instock","10":"shipping-taxable","11":"product-type-simple","12":"prodpage-style2"},"_links":{"self":[{"href":"https:\/\/bor-usa.com\/es\/wp-json\/wp\/v2\/product\/989422","targetHints":{"allow":["GET"]}}],"collection":[{"href":"https:\/\/bor-usa.com\/es\/wp-json\/wp\/v2\/product"}],"about":[{"href":"https:\/\/bor-usa.com\/es\/wp-json\/wp\/v2\/types\/product"}],"replies":[{"embeddable":true,"href":"https:\/\/bor-usa.com\/es\/wp-json\/wp\/v2\/comments?post=989422"}],"wp:featuredmedia":[{"embeddable":true,"href":"https:\/\/bor-usa.com\/es\/wp-json\/wp\/v2\/media\/989184"}],"wp:attachment":[{"href":"https:\/\/bor-usa.com\/es\/wp-json\/wp\/v2\/media?parent=989422"}],"wp:term":[{"taxonomy":"product_brand","embeddable":true,"href":"https:\/\/bor-usa.com\/es\/wp-json\/wp\/v2\/product_brand?post=989422"},{"taxonomy":"product_cat","embeddable":true,"href":"https:\/\/bor-usa.com\/es\/wp-json\/wp\/v2\/product_cat?post=989422"},{"taxonomy":"product_tag","embeddable":true,"href":"https:\/\/bor-usa.com\/es\/wp-json\/wp\/v2\/product_tag?post=989422"}],"curies":[{"name":"wp","href":"https:\/\/api.w.org\/{rel}","templated":true}]}}