{"id":989425,"date":"2022-11-14T14:18:23","date_gmt":"2022-11-14T14:18:23","guid":{"rendered":"http:\/\/bor-usa.com\/product\/shower-cabin-profiles\/"},"modified":"2023-06-12T12:59:24","modified_gmt":"2023-06-12T12:59:24","slug":"perfiles-de-cabina-de-ducha","status":"publish","type":"product","link":"https:\/\/bor-usa.com\/es\/producto\/perfiles-de-cabina-de-ducha\/","title":{"rendered":"Perfiles de cabina de ducha"},"content":{"rendered":"<div><strong>Perfiles de cabina de ducha<\/strong><\/div>\n<div><\/div>\n<div>Los perfiles de aluminio se pueden producir en diferentes tama\u00f1os y estilos deseados. Como Bor Aluminium, los perfiles de aluminio que fabricamos con la \u00faltima tecnolog\u00eda son muy resistentes, resistentes y duraderos.<\/div>\n<div><\/div>\n<h2>\u00bfQu\u00e9 son los perfiles de cabina de ducha de aluminio?<\/h2>\n<div>\n<p>Los perfiles de cabina de ducha de aluminio son uno de los tipos de perfiles m\u00e1s populares en la actualidad. Los perfiles de ducha de aluminio, que aportan un aspecto est\u00e9tico y m\u00e1s moderno a las cabinas de ducha, son muy duraderos. Es muy f\u00e1cil de limpiar y no se corroe con el tiempo.<\/p>\n<p>Los perfiles de cabina de ducha de aluminio se utilizan como estructura de las cabinas de ducha, al igual que los perfiles de balc\u00f3n de vidrio. Se prefieren debido a su durabilidad, resistencia al agua y caracter\u00edsticas elegantes. Como el aluminio es un metal ligero pero resistente, se utiliza ampliamente para cabinas de ducha de vidrio y aluminio.<\/p>\n<p>Por otro lado, el aluminio es muy flexible y tambi\u00e9n f\u00e1cil de remodelar. Esto tambi\u00e9n es muy \u00fatil para dise\u00f1ar diferentes modelos. Como es muy duradero contra el agua, muchas partes de las cabinas de ducha tambi\u00e9n est\u00e1n hechas de aluminio.<\/p>\n<p><strong>\u00bfCu\u00e1les son las caracter\u00edsticas de los perfiles de cabina de ducha de aluminio ?<\/strong><\/p>\n<\/div>\n<div>\n<table>\n<tbody>\n<tr>\n<td width=\"307\">Solicitud<\/td>\n<td width=\"307\">Cabina de ducha de aluminio<\/td>\n<\/tr>\n<tr>\n<td width=\"307\">Garantizar<\/td>\n<td width=\"307\">20 a\u00f1os<\/td>\n<\/tr>\n<tr>\n<td width=\"307\">Resistencia<\/td>\n<td width=\"307\">Alta resistencia a la corrosi\u00f3n<\/td>\n<\/tr>\n<tr>\n<td width=\"307\">Resistencia al clima<\/td>\n<td width=\"307\">5-10 a\u00f1os<\/td>\n<\/tr>\n<tr>\n<td width=\"307\">Resistencia al desgaste y a los ara\u00f1azos<\/td>\n<td width=\"307\">S\u00ed<\/td>\n<\/tr>\n<tr>\n<td width=\"307\">Tama\u00f1o<\/td>\n<td width=\"307\">Se pueden producir tama\u00f1os personalizados.<\/td>\n<\/tr>\n<tr>\n<td width=\"307\">Material<\/td>\n<td width=\"307\">Aleaci\u00f3n de aluminio<\/td>\n<\/tr>\n<\/tbody>\n<\/table>\n<\/div>\n<h3>Perfiles de cabina de ducha de aluminio para la venta<\/h3>\n<p>Nuestro equipo actualiza constantemente los perfiles de aluminio producidos para la cabina de ducha en una forma m\u00e1s din\u00e1mica y de mayor calidad. Nuestro objetivo es ampliar la gama de productos con innovaci\u00f3n y ofrecerle productos m\u00e1s pr\u00e1cticos.<br \/>\nLos precios de los perfiles de cabina de ducha de aluminio var\u00edan seg\u00fan el tama\u00f1o. Se puede producir en diferentes tama\u00f1os personalizados. Como Bor Aluminium, le ofrecemos productos de la m\u00e1s alta calidad a los precios m\u00e1s asequibles.<\/p>\n<p>Los perfiles de aluminio est\u00e1n en perfecta armon\u00eda con el suelo. La raz\u00f3n m\u00e1s importante para utilizarlo como perfil de ducha es su caracter\u00edstica de estanqueidad. Los perfiles de aluminio, que son compatibles con el suelo de la ducha, se pueden montar en el suelo en proporci\u00f3n directa a la pendiente. Entonces es muy \u00fatil. Los perfiles que evitan que se vea la pendiente del suelo tambi\u00e9n permiten que el agua fluya hacia el canal de drenaje.<\/p>\n<p>Como ves, la perfiler\u00eda de aluminio para cabina de ducha es un producto muy acertado y duradero. Si buscas un fabricante de perfiles de ducha de aluminio, est\u00e1s en el lugar adecuado. Como Bor Aluminium, hemos creado una importante red de servicios en todo el mundo como fabricantes de perfiles de aluminio. Puede elegirnos como fabricante de perfiles para cabinas de ducha con tranquilidad.<\/p>\n","protected":false},"excerpt":{"rendered":"<p><strong>Perfiles de cabina de ducha de aluminio<\/strong><\/p>\n<div>Como cada vez m\u00e1s personas prefieren vivir en las grandes ciudades, los residentes y sus ba\u00f1os se volvieron m\u00e1s peque\u00f1os pero m\u00e1s pr\u00e1cticos. Una de las formas m\u00e1s efectivas de aprovechar el espacio limitado en el ba\u00f1o son las cabinas de ducha. Y uno de los materiales m\u00e1s eficientes para las cabinas de ducha es el aluminio.<\/div>\n","protected":false},"featured_media":989193,"comment_status":"closed","ping_status":"closed","template":"","meta":[],"product_brand":[],"product_cat":[538,539,550,534,541,552,553,546],"product_tag":[],"class_list":{"0":"post-989425","1":"product","2":"type-product","3":"status-publish","4":"has-post-thumbnail","6":"product_cat-aluminio-anodizado","7":"product_cat-canales-de-aluminio-extruido","8":"product_cat-maquinaria-pesada-equipos-industriales","9":"product_cat-perfiles-de-aluminio","10":"product_cat-sector-de-las-energias-renovables","11":"product_cat-soluciones-electronicas-hvac","12":"product_cat-soluciones-marinas-offshore","13":"product_cat-transporte-y-automocion","15":"first","16":"instock","17":"shipping-taxable","18":"product-type-simple","19":"prodpage-style2"},"_links":{"self":[{"href":"https:\/\/bor-usa.com\/es\/wp-json\/wp\/v2\/product\/989425","targetHints":{"allow":["GET"]}}],"collection":[{"href":"https:\/\/bor-usa.com\/es\/wp-json\/wp\/v2\/product"}],"about":[{"href":"https:\/\/bor-usa.com\/es\/wp-json\/wp\/v2\/types\/product"}],"replies":[{"embeddable":true,"href":"https:\/\/bor-usa.com\/es\/wp-json\/wp\/v2\/comments?post=989425"}],"wp:featuredmedia":[{"embeddable":true,"href":"https:\/\/bor-usa.com\/es\/wp-json\/wp\/v2\/media\/989193"}],"wp:attachment":[{"href":"https:\/\/bor-usa.com\/es\/wp-json\/wp\/v2\/media?parent=989425"}],"wp:term":[{"taxonomy":"product_brand","embeddable":true,"href":"https:\/\/bor-usa.com\/es\/wp-json\/wp\/v2\/product_brand?post=989425"},{"taxonomy":"product_cat","embeddable":true,"href":"https:\/\/bor-usa.com\/es\/wp-json\/wp\/v2\/product_cat?post=989425"},{"taxonomy":"product_tag","embeddable":true,"href":"https:\/\/bor-usa.com\/es\/wp-json\/wp\/v2\/product_tag?post=989425"}],"curies":[{"name":"wp","href":"https:\/\/api.w.org\/{rel}","templated":true}]}}