{"id":989427,"date":"2022-11-14T14:18:23","date_gmt":"2022-11-14T14:18:23","guid":{"rendered":"http:\/\/bor-usa.com\/product\/aluminium-hinge-profile\/"},"modified":"2023-06-12T13:01:30","modified_gmt":"2023-06-12T13:01:30","slug":"perfil-de-bisagra-de-aluminio","status":"publish","type":"product","link":"https:\/\/bor-usa.com\/es\/producto\/perfil-de-bisagra-de-aluminio\/","title":{"rendered":"Perfil de bisagra de aluminio"},"content":{"rendered":"<h2>\u00bfQu\u00e9 es el perfil de bisagra de aluminio?<\/h2>\n<p>Generalmente, hay dos tipos de materiales para bisagras; bisagras de acero y perfiles de bisagra de aluminio. Las bisagras de perfil de aluminio son menos resistentes que las de acero, pero son m\u00e1s ligeras. Una bisagra de aluminio es generalmente un 40 % m\u00e1s ligera que una bisagra de acero. Esto es muy beneficioso para reducir la carga total de los objetos. Otro beneficio importante de las bisagras para puertas de aluminio es la durabilidad. El aluminio es un material muy resistente a la intemperie ya los efectos exteriores. Raramente se oxidan. De esta forma, el mecanismo de la bisagra de aluminio ayuda a que la puerta funcione perfectamente durante muchos a\u00f1os.<\/p>\n<h3>Caracter\u00edsticas de los perfiles de puertas de aluminio<\/h3>\n<p>Los perfiles de puerta de aluminio como bisagras se fabrican para uso en interiores. Es un tipo de perfil muy fuerte y puede transportar cargas pesadas. El rendimiento de calidad de estos tipos de bisagras, que tienen un \u00e1rea de uso muy amplia, es bastante alto.<br \/>\nTambi\u00e9n se puede utilizar en perfiles de puertas de aluminio de 19 mm. Puede ser compatible con cualquier tipo de puerta. El perfil de puerta de aluminio es adecuado para su uso en puertas interiores o exteriores.<\/p>\n<ul>\n<li>Se puede utilizar tanto en puertas de aluminio como en puertas de madera.<\/li>\n<li>Se puede fabricar en el tama\u00f1o deseado.<\/li>\n<\/ul>\n<table>\n<tbody>\n<tr>\n<td width=\"307\">Material<\/td>\n<td width=\"307\">Aluminio<\/td>\n<\/tr>\n<tr>\n<td width=\"307\">\u00c1reas de aplicaci\u00f3n<\/td>\n<td width=\"307\">Bisagras de puerta como perfiles de aluminio<\/td>\n<\/tr>\n<tr>\n<td width=\"307\">Largo<\/td>\n<td width=\"307\">40 mm (1.575 inc) \/ tama\u00f1o personalizado<\/td>\n<\/tr>\n<tr>\n<td width=\"307\">Ancho<\/td>\n<td width=\"307\">40 mm (1,575 pulg.) \/ tama\u00f1o personalizado<\/td>\n<\/tr>\n<\/tbody>\n<\/table>\n<p>Si est\u00e1 buscando un fabricante de perfiles de bisagras de aluminio y un fabricante de perfiles de puertas de aluminio, cont\u00e1ctenos. Estamos aqu\u00ed para brindarle los mejores servicios. Ll\u00e1menos para aprovechar el precio con descuento.<\/p>\n<h3>Precios de perfil de bisagra de aluminio<\/h3>\n<p>Los precios del perfil de bisagra de aluminio cambian seg\u00fan el tama\u00f1o del perfil de aluminio. Entonces puede contactarnos para obtener m\u00e1s informaci\u00f3n sobre los perfiles de bisagra de aluminio. Nunca se arrepentir\u00e1 de comprar perfiles de bisagra de aluminio. Estos son modelos de perfil tan duraderos, duraderos y efectivos. Simplemente comun\u00edquese con nosotros para obtener informaci\u00f3n detallada sobre los perfiles de bisagra de aluminio.<\/p>\n","protected":false},"excerpt":{"rendered":"<p><strong>Perfil de bisagra de aluminio<\/strong><\/p>\n<div>Una bisagra es un elemento que se utiliza para combinar dos objetos diferentes. Hay dos partes en una bisagra que est\u00e1n montadas en los objetos y giran sobre un eje fijo que tambi\u00e9n se encuentra en la bisagra. El tipo m\u00e1s popular de ellos son las bisagras de las puertas. Generalmente, las puertas se montan en un marco de puerta con una bisagra de puerta. La bisagra permite que la puerta gire sobre su eje, lo que da como resultado la apertura y el cierre de la puerta.<\/div>\n","protected":false},"featured_media":989194,"comment_status":"closed","ping_status":"closed","template":"","meta":[],"product_brand":[],"product_cat":[538,539,550,534,543,541,552,553,546],"product_tag":[],"class_list":{"0":"post-989427","1":"product","2":"type-product","3":"status-publish","4":"has-post-thumbnail","6":"product_cat-aluminio-anodizado","7":"product_cat-canales-de-aluminio-extruido","8":"product_cat-maquinaria-pesada-equipos-industriales","9":"product_cat-perfiles-de-aluminio","10":"product_cat-sector-construccion-arquitectura","11":"product_cat-sector-de-las-energias-renovables","12":"product_cat-soluciones-electronicas-hvac","13":"product_cat-soluciones-marinas-offshore","14":"product_cat-transporte-y-automocion","16":"first","17":"instock","18":"shipping-taxable","19":"product-type-simple","20":"prodpage-style2"},"_links":{"self":[{"href":"https:\/\/bor-usa.com\/es\/wp-json\/wp\/v2\/product\/989427","targetHints":{"allow":["GET"]}}],"collection":[{"href":"https:\/\/bor-usa.com\/es\/wp-json\/wp\/v2\/product"}],"about":[{"href":"https:\/\/bor-usa.com\/es\/wp-json\/wp\/v2\/types\/product"}],"replies":[{"embeddable":true,"href":"https:\/\/bor-usa.com\/es\/wp-json\/wp\/v2\/comments?post=989427"}],"wp:featuredmedia":[{"embeddable":true,"href":"https:\/\/bor-usa.com\/es\/wp-json\/wp\/v2\/media\/989194"}],"wp:attachment":[{"href":"https:\/\/bor-usa.com\/es\/wp-json\/wp\/v2\/media?parent=989427"}],"wp:term":[{"taxonomy":"product_brand","embeddable":true,"href":"https:\/\/bor-usa.com\/es\/wp-json\/wp\/v2\/product_brand?post=989427"},{"taxonomy":"product_cat","embeddable":true,"href":"https:\/\/bor-usa.com\/es\/wp-json\/wp\/v2\/product_cat?post=989427"},{"taxonomy":"product_tag","embeddable":true,"href":"https:\/\/bor-usa.com\/es\/wp-json\/wp\/v2\/product_tag?post=989427"}],"curies":[{"name":"wp","href":"https:\/\/api.w.org\/{rel}","templated":true}]}}