{"id":989429,"date":"2022-11-14T14:18:23","date_gmt":"2022-11-14T14:18:23","guid":{"rendered":"http:\/\/bor-usa.com\/product\/insect-screen-profiles\/"},"modified":"2023-06-12T13:00:02","modified_gmt":"2023-06-12T13:00:02","slug":"perfiles-mosquiteros","status":"publish","type":"product","link":"https:\/\/bor-usa.com\/es\/producto\/perfiles-mosquiteros\/","title":{"rendered":"Perfiles mosquiteros"},"content":{"rendered":"<div><strong>\u00bfQu\u00e9 son los perfiles mosquiteros?<\/strong><\/div>\n<div>\n<p>Los perfiles de aluminio para mosquiteros se encuentran entre los perfiles de marco de aluminio extruido.<br \/>\nSe fabrica en color gris.<br \/>\nSe puede producir en diferentes tama\u00f1os y caracter\u00edsticas.<br \/>\nLos perfiles de las mosquiteras pueden tener 1 metro, 1,5 metros y 2 metros de largo. El producto tambi\u00e9n se puede producir en diferentes tama\u00f1os a pedido.<br \/>\nTiene una vida \u00fatil muy larga.<br \/>\nEs adecuado para ventanas de una y dos hojas.<br \/>\nLa instalaci\u00f3n de perfiles de mosquitera para puertas de aluminio es f\u00e1cil.<\/p>\n<h2>Caracter\u00edsticas de la mosquitera<\/h2>\n<ul>\n<li>Mosquiteras para puertas y ventanas<\/li>\n<li>Est\u00e1 fabricado con aluminio de alta calidad, duradero y reciclado.<\/li>\n<li>Se puede producir en diferentes colores.<\/li>\n<\/ul>\n<h2>\u00bfQu\u00e9 es el perfil de mosquitera de puerta de aluminio ?<\/h2>\n<p>El perfil de aluminio para puerta y mosquitera es un perfil de marco sobre el que se monta el producto de mosquitera. Gracias a estos perfiles, las mosquiteras se pueden montar en el cristal o la puerta con mucha facilidad y se pueden utilizar durante mucho tiempo. Si desea comprar un perfil de mosquitera para puerta de aluminio, no tiene m\u00e1s que ponerse en contacto con nosotros.<br \/>\nLa producci\u00f3n personalizada tambi\u00e9n est\u00e1 disponible, ya que se puede producir en diferentes tama\u00f1os.<br \/>\nTiene un aspecto est\u00e9tico y natural. No se desti\u00f1e con el tiempo y es resistente a las inclemencias del tiempo.<\/p>\n<p>Hay dos partes de las pantallas de insectos; el perfil y la red. El aluminio se puede utilizar para ambos, debido a sus caracter\u00edsticas distintivas. Como el aluminio es un material muy ligero, es muy beneficioso usarlo en ventanas y puertas.<\/p>\n<p>Por otro lado, las mosquiteras est\u00e1n sujetas a todo tipo de condiciones clim\u00e1ticas severas. Como el aluminio es muy duradero en estas condiciones, es el material ideal para las pantallas. Como es muy duradero y ligero, habr\u00e1 menos cargas en marcos de ventanas de madera o PVC. Adem\u00e1s, si utilizas malla mosquitera de aluminio con el marco, tendr\u00e1s la mejor combinaci\u00f3n para el perfil mosquitero.<\/p>\n<\/div>\n<h3>Precios de perfil de mosquitera de aluminio<\/h3>\n<div>Los precios de los perfiles mosquiteros de aluminio var\u00edan seg\u00fan el tama\u00f1o del perfil y las caracter\u00edsticas t\u00e9cnicas. Para saber el precio, todo lo que tiene que hacer es ponerse en contacto con nosotros.<\/div>\n","protected":false},"excerpt":{"rendered":"<p><strong>Perfiles mosquiteros de aluminio<\/strong><\/p>\n<div>Las mosquiteras se utilizan ampliamente en restaurantes, hoteles, edificios p\u00fablicos y comunitarios y, por supuesto, en lugares residenciales. El principal objetivo de su uso es la detenci\u00f3n de insectos. Hay varios tipos de materiales para el marco pero el mejor son los perfiles mosquiteros de aluminio.<\/div>\n","protected":false},"featured_media":989195,"comment_status":"closed","ping_status":"closed","template":"","meta":[],"product_brand":[],"product_cat":[534],"product_tag":[],"class_list":{"0":"post-989429","1":"product","2":"type-product","3":"status-publish","4":"has-post-thumbnail","6":"product_cat-perfiles-de-aluminio","8":"first","9":"instock","10":"shipping-taxable","11":"product-type-simple","12":"prodpage-style2"},"_links":{"self":[{"href":"https:\/\/bor-usa.com\/es\/wp-json\/wp\/v2\/product\/989429","targetHints":{"allow":["GET"]}}],"collection":[{"href":"https:\/\/bor-usa.com\/es\/wp-json\/wp\/v2\/product"}],"about":[{"href":"https:\/\/bor-usa.com\/es\/wp-json\/wp\/v2\/types\/product"}],"replies":[{"embeddable":true,"href":"https:\/\/bor-usa.com\/es\/wp-json\/wp\/v2\/comments?post=989429"}],"wp:featuredmedia":[{"embeddable":true,"href":"https:\/\/bor-usa.com\/es\/wp-json\/wp\/v2\/media\/989195"}],"wp:attachment":[{"href":"https:\/\/bor-usa.com\/es\/wp-json\/wp\/v2\/media?parent=989429"}],"wp:term":[{"taxonomy":"product_brand","embeddable":true,"href":"https:\/\/bor-usa.com\/es\/wp-json\/wp\/v2\/product_brand?post=989429"},{"taxonomy":"product_cat","embeddable":true,"href":"https:\/\/bor-usa.com\/es\/wp-json\/wp\/v2\/product_cat?post=989429"},{"taxonomy":"product_tag","embeddable":true,"href":"https:\/\/bor-usa.com\/es\/wp-json\/wp\/v2\/product_tag?post=989429"}],"curies":[{"name":"wp","href":"https:\/\/api.w.org\/{rel}","templated":true}]}}