{"id":989432,"date":"2022-11-14T14:18:23","date_gmt":"2022-11-14T14:18:23","guid":{"rendered":"http:\/\/bor-usa.com\/product\/kitchen-base-profile\/"},"modified":"2023-02-18T17:01:41","modified_gmt":"2023-02-18T17:01:41","slug":"perfil-base-de-cocina","status":"publish","type":"product","link":"https:\/\/bor-usa.com\/es\/producto\/perfil-base-de-cocina\/","title":{"rendered":"Perfil base de cocina"},"content":{"rendered":"<p>El verdadero prop\u00f3sito de este perfil es brindar un buen escenario dentro de la cocina.<\/p>\n<p>Las partes inferiores de los gabinetes est\u00e1n sujetas a ensuciarse f\u00e1cilmente. Porque es dif\u00edcil de alcanzar y limpiar all\u00ed. As\u00ed, al colocar este perfil en la cara frontal y debajo de los muebles de la cocina, no tendr\u00e1s que ver esa parte. En realidad, este perfil es similar a los perfiles de suelo. Solo que este es un poco m\u00e1s ancho.<\/p>\n","protected":false},"excerpt":{"rendered":"<p><strong>Perfil base de cocina<\/strong><\/p>\n<div>Otro producto de aluminio innovador se utiliza en la cocina para proteger los fondos de los gabinetes de cocina. Un perfil base de cocina o un perfil base para cubrir el fondo de un mueble de cocina es un perfil de aluminio que se coloca entre la parte inferior de un mueble de cocina o isla de cocina y el suelo.<\/div>\n","protected":false},"featured_media":989186,"comment_status":"closed","ping_status":"closed","template":"","meta":[],"product_brand":[],"product_cat":[538,539,550,534,543,541,552,553],"product_tag":[],"class_list":{"0":"post-989432","1":"product","2":"type-product","3":"status-publish","4":"has-post-thumbnail","6":"product_cat-aluminio-anodizado","7":"product_cat-canales-de-aluminio-extruido","8":"product_cat-maquinaria-pesada-equipos-industriales","9":"product_cat-perfiles-de-aluminio","10":"product_cat-sector-construccion-arquitectura","11":"product_cat-sector-de-las-energias-renovables","12":"product_cat-soluciones-electronicas-hvac","13":"product_cat-soluciones-marinas-offshore","15":"first","16":"instock","17":"shipping-taxable","18":"product-type-simple","19":"prodpage-style2"},"_links":{"self":[{"href":"https:\/\/bor-usa.com\/es\/wp-json\/wp\/v2\/product\/989432","targetHints":{"allow":["GET"]}}],"collection":[{"href":"https:\/\/bor-usa.com\/es\/wp-json\/wp\/v2\/product"}],"about":[{"href":"https:\/\/bor-usa.com\/es\/wp-json\/wp\/v2\/types\/product"}],"replies":[{"embeddable":true,"href":"https:\/\/bor-usa.com\/es\/wp-json\/wp\/v2\/comments?post=989432"}],"wp:featuredmedia":[{"embeddable":true,"href":"https:\/\/bor-usa.com\/es\/wp-json\/wp\/v2\/media\/989186"}],"wp:attachment":[{"href":"https:\/\/bor-usa.com\/es\/wp-json\/wp\/v2\/media?parent=989432"}],"wp:term":[{"taxonomy":"product_brand","embeddable":true,"href":"https:\/\/bor-usa.com\/es\/wp-json\/wp\/v2\/product_brand?post=989432"},{"taxonomy":"product_cat","embeddable":true,"href":"https:\/\/bor-usa.com\/es\/wp-json\/wp\/v2\/product_cat?post=989432"},{"taxonomy":"product_tag","embeddable":true,"href":"https:\/\/bor-usa.com\/es\/wp-json\/wp\/v2\/product_tag?post=989432"}],"curies":[{"name":"wp","href":"https:\/\/api.w.org\/{rel}","templated":true}]}}