{"id":989434,"date":"2022-11-14T14:18:23","date_gmt":"2022-11-14T14:18:23","guid":{"rendered":"http:\/\/bor-usa.com\/product\/facade-profiles\/"},"modified":"2023-06-12T13:05:17","modified_gmt":"2023-06-12T13:05:17","slug":"perfiles-de-fachada","status":"publish","type":"product","link":"https:\/\/bor-usa.com\/es\/producto\/perfiles-de-fachada\/","title":{"rendered":"Perfiles de fachada"},"content":{"rendered":"<p><strong>\u00bfQu\u00e9 son los perfiles de fachada de aluminio ?<\/strong><\/p>\n<p>Los perfiles de fachada de aluminio son sistemas de perfiles duraderos utilizados en el campo de la construcci\u00f3n y la decoraci\u00f3n. El \u00e1rea de uso es bastante amplia. Los perfiles exteriores de aluminio tambi\u00e9n se utilizan en procesos de revestimiento de paredes y techos.<\/p>\n<h2>\u00bfCu\u00e1les son las caracter\u00edsticas de los perfiles de fachada de aluminio?<\/h2>\n<p>Hay tantas caracter\u00edsticas beneficiosas de los perfiles de fachada de aluminio. A continuaci\u00f3n se puede ver en la tabla.<\/p>\n<table>\n<tbody>\n<tr>\n<td width=\"307\">Usar<\/td>\n<td width=\"307\">Material de construcci\u00f3n y decoraci\u00f3n.<\/td>\n<\/tr>\n<tr>\n<td width=\"307\">Aplicaciones<\/td>\n<td width=\"307\">Exterior, revestimiento de paredes, revestimiento de techos<\/td>\n<\/tr>\n<tr>\n<td width=\"307\">Caracter\u00edsticas<\/td>\n<td width=\"307\">Es un material reciclable y resistente al fuego. Tambi\u00e9n es muy ligero y se puede montar f\u00e1cilmente con clavos. El exterior es bastante bonito y se puede pintar.<\/td>\n<\/tr>\n<tr>\n<td width=\"307\">Formato \/ Materia Prima<\/td>\n<td width=\"307\">Perfiles met\u00e1licos de aluminio<\/td>\n<\/tr>\n<tr>\n<td width=\"307\">Tallas<\/td>\n<td width=\"307\">Hasta 8 metros<\/td>\n<\/tr>\n<tr>\n<td width=\"307\">Garantizar<\/td>\n<td width=\"307\">Al menos 10 a\u00f1os<\/td>\n<\/tr>\n<\/tbody>\n<\/table>\n<p>Los perfiles de aluminio para fachadas, que son un buen ejemplo de productos de revestimiento exterior duraderos y duraderos, son muy resistentes a las inclemencias del tiempo. Este producto, que adem\u00e1s es resistente al fuego, protege las fachadas frente a los desastres naturales. Como tambi\u00e9n es resistente a la corrosi\u00f3n, su revestimiento exterior tendr\u00e1 un aspecto est\u00e9tico y agradable durante muchos a\u00f1os.<\/p>\n<h2>Perfiles en T para fachadas<\/h2>\n<p>Los perfiles T de aluminio se pueden utilizar para revestimientos exteriores. Se puede producir en diferentes tama\u00f1os y caracter\u00edsticas. Para usted, podemos aplicar cualquier forma y cualquier tama\u00f1o. Lo importante es que la zona que quieras usar luzca est\u00e9tica y bonita. Es por eso que puede usar perfiles en T para fachadas.<\/p>\n<p>Adem\u00e1s, los perfiles de fachada tambi\u00e9n se utilizan para revestimientos decorativos de paredes. Adem\u00e1s de los tama\u00f1os est\u00e1ndar, tambi\u00e9n se puede hacer una producci\u00f3n de tama\u00f1o especial. Todo lo que tiene que hacer aqu\u00ed es ponerse en contacto con el fabricante de perfiles de aluminio Bor Aluminium.<\/p>\n<p><strong>Beneficios de los perfiles de fachada de aluminio<\/strong><\/p>\n<ul>\n<li>Los perfiles de aluminio ofrecen flexibilidad de dise\u00f1o.<\/li>\n<li>Es bastante ligero por lo que la fase de aplicaci\u00f3n es f\u00e1cil.<\/li>\n<li>Se produce mediante procesamiento en m\u00e1quinas CNC y tiene un excelente recubrimiento superficial.<\/li>\n<li>Ll\u00e1menos para aprovechar los pedidos de perfiles de aluminio al por mayor y las oportunidades de precios ventajosos.<\/li>\n<\/ul>\n<p>Adem\u00e1s, el aluminio tiene una gran vista. La fachada de aluminio anodizado tiene una gran vista con diferentes tipos de opciones de color.<\/p>\n<p>Hay muchos beneficios para los sistemas de fachada de aluminio. En primer lugar, el aluminio es un material muy ligero pero resistente. De esta manera, proporciona la fuerza de su edificio mientras tambi\u00e9n disminuye la carga total del mismo. Adem\u00e1s, es muy resistente a las inclemencias del tiempo y al \u00f3xido. Por otro lado, el aluminio es muy flexible lo que ayuda a la integridad del edificio. Al igual que otros planes, el aluminio es un material maravilloso para muchos usuarios diferentes. Para que pueda elegir los perfiles de fachada del especialista.<\/p>\n<h3>Precios de perfiles de fachada de aluminio<\/h3>\n<p>Los precios de los sistemas de perfiles de fachada de aluminio var\u00edan seg\u00fan su tama\u00f1o y caracter\u00edsticas. Los precios se actualizan constantemente. Para obtener informaci\u00f3n detallada, simplemente cont\u00e1ctenos.<\/p>\n","protected":false},"excerpt":{"rendered":"<div><strong>Perfiles de fachada de aluminio<\/strong><\/div>\n<div>Los sistemas de fachada de aluminio se utilizan en el exterior de la mayor\u00eda de los edificios modernos. El aluminio es un gran metal que destaca como elemento estructural en los edificios debido a su alto nivel de durabilidad y su aspecto moderno. El dise\u00f1o de fachada de aluminio se utiliza para diferentes prop\u00f3sitos de;<\/div>\n<ul>\n<li>aislamiento t\u00e9rmico y control,<\/li>\n<li>control de la luz solar,<\/li>\n<li>sistema de ventilaci\u00f3n<\/li>\n<\/ul>\n","protected":false},"featured_media":989196,"comment_status":"closed","ping_status":"closed","template":"","meta":[],"product_brand":[],"product_cat":[534],"product_tag":[],"class_list":{"0":"post-989434","1":"product","2":"type-product","3":"status-publish","4":"has-post-thumbnail","6":"product_cat-perfiles-de-aluminio","8":"first","9":"instock","10":"shipping-taxable","11":"product-type-simple","12":"prodpage-style2"},"_links":{"self":[{"href":"https:\/\/bor-usa.com\/es\/wp-json\/wp\/v2\/product\/989434","targetHints":{"allow":["GET"]}}],"collection":[{"href":"https:\/\/bor-usa.com\/es\/wp-json\/wp\/v2\/product"}],"about":[{"href":"https:\/\/bor-usa.com\/es\/wp-json\/wp\/v2\/types\/product"}],"replies":[{"embeddable":true,"href":"https:\/\/bor-usa.com\/es\/wp-json\/wp\/v2\/comments?post=989434"}],"wp:featuredmedia":[{"embeddable":true,"href":"https:\/\/bor-usa.com\/es\/wp-json\/wp\/v2\/media\/989196"}],"wp:attachment":[{"href":"https:\/\/bor-usa.com\/es\/wp-json\/wp\/v2\/media?parent=989434"}],"wp:term":[{"taxonomy":"product_brand","embeddable":true,"href":"https:\/\/bor-usa.com\/es\/wp-json\/wp\/v2\/product_brand?post=989434"},{"taxonomy":"product_cat","embeddable":true,"href":"https:\/\/bor-usa.com\/es\/wp-json\/wp\/v2\/product_cat?post=989434"},{"taxonomy":"product_tag","embeddable":true,"href":"https:\/\/bor-usa.com\/es\/wp-json\/wp\/v2\/product_tag?post=989434"}],"curies":[{"name":"wp","href":"https:\/\/api.w.org\/{rel}","templated":true}]}}