{"id":989436,"date":"2022-11-14T14:18:23","date_gmt":"2022-11-14T14:18:23","guid":{"rendered":"http:\/\/bor-usa.com\/product\/frame-cover-profile\/"},"modified":"2023-02-18T17:12:21","modified_gmt":"2023-02-18T17:12:21","slug":"perfil-de-cubierta-de-marco","status":"publish","type":"product","link":"https:\/\/bor-usa.com\/es\/producto\/perfil-de-cubierta-de-marco\/","title":{"rendered":"Perfil de cubierta de marco"},"content":{"rendered":"<p>Al igual que los perfiles publicitarios de aluminio, cuentan con clips para abrir y cerrar el marco con facilidad. Adem\u00e1s, como el aluminio es un material est\u00e9tico, hace que nuestros cuadros u otros papeles importantes parezcan m\u00e1s elegantes.<\/p>\n<p>En general, se prefiere un perfil especial en forma de L para marcos de aluminio. Pero tambi\u00e9n puede preferir algunos otros tipos y colores de aluminio. Debido a la durabilidad de este metal, los perfiles de cubierta de marco de aluminio son muy comunes.<\/p>\n","protected":false},"excerpt":{"rendered":"<p><strong>Perfil de cubierta de marco de aluminio<\/strong><\/p>\n<div>El aluminio nos ha facilitado mucho la vida. Al ser un metal muy beneficioso, eficaz, duradero y est\u00e9tico, se utiliza en casi todas las partes de nuestra vida. Un tipo de uso del perfil de aluminio es para cubiertas de marcos. Los perfiles de la cubierta del marco de aluminio son muy exitosos para mantener vivas nuestras hermosas im\u00e1genes.<\/div>\n","protected":false},"featured_media":989187,"comment_status":"closed","ping_status":"closed","template":"","meta":[],"product_brand":[],"product_cat":[538,537,539,550,534,543,541,552,553,546],"product_tag":[],"class_list":{"0":"post-989436","1":"product","2":"type-product","3":"status-publish","4":"has-post-thumbnail","6":"product_cat-aluminio-anodizado","7":"product_cat-anodized-aluminum","8":"product_cat-canales-de-aluminio-extruido","9":"product_cat-maquinaria-pesada-equipos-industriales","10":"product_cat-perfiles-de-aluminio","11":"product_cat-sector-construccion-arquitectura","12":"product_cat-sector-de-las-energias-renovables","13":"product_cat-soluciones-electronicas-hvac","14":"product_cat-soluciones-marinas-offshore","15":"product_cat-transporte-y-automocion","17":"first","18":"instock","19":"shipping-taxable","20":"product-type-simple","21":"prodpage-style2"},"_links":{"self":[{"href":"https:\/\/bor-usa.com\/es\/wp-json\/wp\/v2\/product\/989436","targetHints":{"allow":["GET"]}}],"collection":[{"href":"https:\/\/bor-usa.com\/es\/wp-json\/wp\/v2\/product"}],"about":[{"href":"https:\/\/bor-usa.com\/es\/wp-json\/wp\/v2\/types\/product"}],"replies":[{"embeddable":true,"href":"https:\/\/bor-usa.com\/es\/wp-json\/wp\/v2\/comments?post=989436"}],"wp:featuredmedia":[{"embeddable":true,"href":"https:\/\/bor-usa.com\/es\/wp-json\/wp\/v2\/media\/989187"}],"wp:attachment":[{"href":"https:\/\/bor-usa.com\/es\/wp-json\/wp\/v2\/media?parent=989436"}],"wp:term":[{"taxonomy":"product_brand","embeddable":true,"href":"https:\/\/bor-usa.com\/es\/wp-json\/wp\/v2\/product_brand?post=989436"},{"taxonomy":"product_cat","embeddable":true,"href":"https:\/\/bor-usa.com\/es\/wp-json\/wp\/v2\/product_cat?post=989436"},{"taxonomy":"product_tag","embeddable":true,"href":"https:\/\/bor-usa.com\/es\/wp-json\/wp\/v2\/product_tag?post=989436"}],"curies":[{"name":"wp","href":"https:\/\/api.w.org\/{rel}","templated":true}]}}