{"id":989438,"date":"2022-11-14T14:18:23","date_gmt":"2022-11-14T14:18:23","guid":{"rendered":"http:\/\/bor-usa.com\/product\/baseboard-profiles\/"},"modified":"2023-02-18T17:14:40","modified_gmt":"2023-02-18T17:14:40","slug":"perfiles-de-zocalo","status":"publish","type":"product","link":"https:\/\/bor-usa.com\/es\/producto\/perfiles-de-zocalo\/","title":{"rendered":"Perfiles de z\u00f3calo"},"content":{"rendered":"<p>Adem\u00e1s, la otra raz\u00f3n importante es la vista. El z\u00f3calo tiene mucho \u00e9xito en ocultar los bordes irregulares del piso.<\/p>\n<p>Hay diferentes tipos de z\u00f3calos como madera, vinilo o aluminio. El mejor y m\u00e1s pr\u00e1ctico son los z\u00f3calos de aluminio. Se instalan f\u00e1cilmente y tienen los beneficios del aluminio como duraderos y de larga duraci\u00f3n. Adem\u00e1s, hay selecciones de colores muy diferentes en las cubiertas de los z\u00f3calos de aluminio con la ayuda de anodizado.<\/p>\n","protected":false},"excerpt":{"rendered":"<p><strong>Perfiles de z\u00f3calo de aluminio<\/strong><\/p>\n<div>El z\u00f3calo es un elemento estructural decorativo que generalmente se utiliza en la parte m\u00e1s baja de las paredes. Aunque hay algunos ejemplos de uso exterior, el z\u00f3calo es un componente de la pared interior. El prop\u00f3sito principal es cubrir la secci\u00f3n conjunta de la pared y el piso. Entonces, \u00bfpor qu\u00e9 usamos z\u00f3calo? La raz\u00f3n principal por la que usamos rodapi\u00e9s es para proteger las juntas y las partes inferiores de la pared contra patadas, golpes de muebles y abrasi\u00f3n.<\/div>\n","protected":false},"featured_media":989188,"comment_status":"closed","ping_status":"closed","template":"","meta":[],"product_brand":[],"product_cat":[538,550,534,543,541,552,553,546],"product_tag":[],"class_list":{"0":"post-989438","1":"product","2":"type-product","3":"status-publish","4":"has-post-thumbnail","6":"product_cat-aluminio-anodizado","7":"product_cat-maquinaria-pesada-equipos-industriales","8":"product_cat-perfiles-de-aluminio","9":"product_cat-sector-construccion-arquitectura","10":"product_cat-sector-de-las-energias-renovables","11":"product_cat-soluciones-electronicas-hvac","12":"product_cat-soluciones-marinas-offshore","13":"product_cat-transporte-y-automocion","15":"first","16":"instock","17":"shipping-taxable","18":"product-type-simple","19":"prodpage-style2"},"_links":{"self":[{"href":"https:\/\/bor-usa.com\/es\/wp-json\/wp\/v2\/product\/989438","targetHints":{"allow":["GET"]}}],"collection":[{"href":"https:\/\/bor-usa.com\/es\/wp-json\/wp\/v2\/product"}],"about":[{"href":"https:\/\/bor-usa.com\/es\/wp-json\/wp\/v2\/types\/product"}],"replies":[{"embeddable":true,"href":"https:\/\/bor-usa.com\/es\/wp-json\/wp\/v2\/comments?post=989438"}],"wp:featuredmedia":[{"embeddable":true,"href":"https:\/\/bor-usa.com\/es\/wp-json\/wp\/v2\/media\/989188"}],"wp:attachment":[{"href":"https:\/\/bor-usa.com\/es\/wp-json\/wp\/v2\/media?parent=989438"}],"wp:term":[{"taxonomy":"product_brand","embeddable":true,"href":"https:\/\/bor-usa.com\/es\/wp-json\/wp\/v2\/product_brand?post=989438"},{"taxonomy":"product_cat","embeddable":true,"href":"https:\/\/bor-usa.com\/es\/wp-json\/wp\/v2\/product_cat?post=989438"},{"taxonomy":"product_tag","embeddable":true,"href":"https:\/\/bor-usa.com\/es\/wp-json\/wp\/v2\/product_tag?post=989438"}],"curies":[{"name":"wp","href":"https:\/\/api.w.org\/{rel}","templated":true}]}}