{"id":989440,"date":"2022-11-14T14:18:23","date_gmt":"2022-11-14T14:18:23","guid":{"rendered":"http:\/\/bor-usa.com\/product\/floor-profile\/"},"modified":"2023-02-18T17:17:15","modified_gmt":"2023-02-18T17:17:15","slug":"perfil-de-piso","status":"publish","type":"product","link":"https:\/\/bor-usa.com\/es\/producto\/perfil-de-piso\/","title":{"rendered":"Perfil de piso"},"content":{"rendered":"<div>\n<p>Por lo tanto, el gato de piso de aluminio de perfil bajo se usa en los umbrales de diferentes pisos para cubrir el espacio.<\/p>\n<p>Los perfiles de suelo pueden diferir seg\u00fan el lugar en el que se utilicen. Algunos tipos de perfil comunes son;<\/p>\n<\/div>\n<div>\n<ul>\n<li>perfil de umbral de madera,<\/li>\n<li>perfil del umbral de la teja,<\/li>\n<li>perfil en T,<\/li>\n<li>perfil en Z,<\/li>\n<\/ul>\n<\/div>\n","protected":false},"excerpt":{"rendered":"<p><strong>Perfil de piso de aluminio<\/strong><\/p>\n<div>Los perfiles de piso de aluminio se volvieron muy importantes a medida que las t\u00e9cnicas y tecnolog\u00edas de pisos mejoraron mucho. Para tener pisos lisos, f\u00e1ciles de limpiar y con un aspecto moderno, utilizamos laminados, baldosas y otros tipos nuevos. En general, se prefieren los azulejos en \u00e1reas h\u00famedas como ba\u00f1os o cocinas. Pero no son rentables y de estilo para las otras partes de las casas.<\/div>\n","protected":false},"featured_media":989189,"comment_status":"closed","ping_status":"closed","template":"","meta":[],"product_brand":[],"product_cat":[538,550,534,543,541,552,553,546],"product_tag":[],"class_list":{"0":"post-989440","1":"product","2":"type-product","3":"status-publish","4":"has-post-thumbnail","6":"product_cat-aluminio-anodizado","7":"product_cat-maquinaria-pesada-equipos-industriales","8":"product_cat-perfiles-de-aluminio","9":"product_cat-sector-construccion-arquitectura","10":"product_cat-sector-de-las-energias-renovables","11":"product_cat-soluciones-electronicas-hvac","12":"product_cat-soluciones-marinas-offshore","13":"product_cat-transporte-y-automocion","15":"first","16":"instock","17":"shipping-taxable","18":"product-type-simple","19":"prodpage-style2"},"_links":{"self":[{"href":"https:\/\/bor-usa.com\/es\/wp-json\/wp\/v2\/product\/989440","targetHints":{"allow":["GET"]}}],"collection":[{"href":"https:\/\/bor-usa.com\/es\/wp-json\/wp\/v2\/product"}],"about":[{"href":"https:\/\/bor-usa.com\/es\/wp-json\/wp\/v2\/types\/product"}],"replies":[{"embeddable":true,"href":"https:\/\/bor-usa.com\/es\/wp-json\/wp\/v2\/comments?post=989440"}],"wp:featuredmedia":[{"embeddable":true,"href":"https:\/\/bor-usa.com\/es\/wp-json\/wp\/v2\/media\/989189"}],"wp:attachment":[{"href":"https:\/\/bor-usa.com\/es\/wp-json\/wp\/v2\/media?parent=989440"}],"wp:term":[{"taxonomy":"product_brand","embeddable":true,"href":"https:\/\/bor-usa.com\/es\/wp-json\/wp\/v2\/product_brand?post=989440"},{"taxonomy":"product_cat","embeddable":true,"href":"https:\/\/bor-usa.com\/es\/wp-json\/wp\/v2\/product_cat?post=989440"},{"taxonomy":"product_tag","embeddable":true,"href":"https:\/\/bor-usa.com\/es\/wp-json\/wp\/v2\/product_tag?post=989440"}],"curies":[{"name":"wp","href":"https:\/\/api.w.org\/{rel}","templated":true}]}}