{"id":989442,"date":"2022-11-14T14:18:23","date_gmt":"2022-11-14T14:18:23","guid":{"rendered":"http:\/\/bor-usa.com\/product\/hanger-shelf-led-and-mf-handle-profiles\/"},"modified":"2023-02-18T17:20:05","modified_gmt":"2023-02-18T17:20:05","slug":"perfiles-de-suspension-estante-led-y-mango-mf","status":"publish","type":"product","link":"https:\/\/bor-usa.com\/es\/producto\/perfiles-de-suspension-estante-led-y-mango-mf\/","title":{"rendered":"Perfiles de suspensi\u00f3n, estante, LED y mango Mf"},"content":{"rendered":"<p>Tambi\u00e9n puedes utilizar esta categor\u00eda de perfiles para estanter\u00edas, iluminaci\u00f3n led y perfiles tiradores. Los perfiles de tirador de aluminio se utilizan en las puertas de armarios o c\u00f3modas. Tambi\u00e9n es posible usarlos para cajones. Los tipos de perfiles de mango pueden ser U, Z, C, G o algunos otros tipos de perfiles de aluminio.<\/p>\n","protected":false},"excerpt":{"rendered":"<p><strong>Perfiles de suspensi\u00f3n, estante, LED y mango Mf<\/strong><\/p>\n<div>Como puede comprender por el nombre, estos tipos de perfil tienen una amplia gama de usos. Primero est\u00e1 el perfil de suspensi\u00f3n de aluminio. Se utilizan para tender la ropa o la ropa, etc. Los que usamos en los balcones o los secadores port\u00e1tiles que usamos en nuestras casas son de perfiles de aluminio para colgar, que generalmente son tubos redondos o perfiles similares.<\/div>\n","protected":false},"featured_media":989190,"comment_status":"closed","ping_status":"closed","template":"","meta":[],"product_brand":[],"product_cat":[538,536,537,539,550,534,543,541,552,553],"product_tag":[],"class_list":{"0":"post-989442","1":"product","2":"type-product","3":"status-publish","4":"has-post-thumbnail","6":"product_cat-aluminio-anodizado","7":"product_cat-aluminum-channels","8":"product_cat-anodized-aluminum","9":"product_cat-canales-de-aluminio-extruido","10":"product_cat-maquinaria-pesada-equipos-industriales","11":"product_cat-perfiles-de-aluminio","12":"product_cat-sector-construccion-arquitectura","13":"product_cat-sector-de-las-energias-renovables","14":"product_cat-soluciones-electronicas-hvac","15":"product_cat-soluciones-marinas-offshore","17":"first","18":"instock","19":"shipping-taxable","20":"product-type-simple","21":"prodpage-style2"},"_links":{"self":[{"href":"https:\/\/bor-usa.com\/es\/wp-json\/wp\/v2\/product\/989442","targetHints":{"allow":["GET"]}}],"collection":[{"href":"https:\/\/bor-usa.com\/es\/wp-json\/wp\/v2\/product"}],"about":[{"href":"https:\/\/bor-usa.com\/es\/wp-json\/wp\/v2\/types\/product"}],"replies":[{"embeddable":true,"href":"https:\/\/bor-usa.com\/es\/wp-json\/wp\/v2\/comments?post=989442"}],"wp:featuredmedia":[{"embeddable":true,"href":"https:\/\/bor-usa.com\/es\/wp-json\/wp\/v2\/media\/989190"}],"wp:attachment":[{"href":"https:\/\/bor-usa.com\/es\/wp-json\/wp\/v2\/media?parent=989442"}],"wp:term":[{"taxonomy":"product_brand","embeddable":true,"href":"https:\/\/bor-usa.com\/es\/wp-json\/wp\/v2\/product_brand?post=989442"},{"taxonomy":"product_cat","embeddable":true,"href":"https:\/\/bor-usa.com\/es\/wp-json\/wp\/v2\/product_cat?post=989442"},{"taxonomy":"product_tag","embeddable":true,"href":"https:\/\/bor-usa.com\/es\/wp-json\/wp\/v2\/product_tag?post=989442"}],"curies":[{"name":"wp","href":"https:\/\/api.w.org\/{rel}","templated":true}]}}