{"id":989444,"date":"2022-11-14T14:18:23","date_gmt":"2022-11-14T14:18:23","guid":{"rendered":"http:\/\/bor-usa.com\/product\/sliding-profiles\/"},"modified":"2023-02-18T17:22:54","modified_gmt":"2023-02-18T17:22:54","slug":"perfiles-deslizantes","status":"publish","type":"product","link":"https:\/\/bor-usa.com\/es\/producto\/perfiles-deslizantes\/","title":{"rendered":"Perfiles deslizantes"},"content":{"rendered":"<p>El perfil deslizante de aluminio anodizado tiene mucho \u00e9xito como piezas deslizantes. Ya sea que los use para ventanas o puertas, o muebles, una parte com\u00fan es que se usan muy densamente. As\u00ed pues, el aluminio ser\u00e1 una gran soluci\u00f3n, que har\u00e1 que los uses durante muchos a\u00f1os sin ning\u00fan problema. Son muy funcionales y aumentan la vida \u00fatil de todo el producto.<\/p>\n","protected":false},"excerpt":{"rendered":"<p><strong>Perfiles deslizantes de aluminio<\/strong><\/p>\n<div>El aluminio es un gran material para usar para muchos prop\u00f3sitos diferentes. El perfil de aluminio para corredera es otro ejemplo de este material. Los perfiles deslizantes de aluminio se utilizan para muchos productos diferentes; puertas, ventanas, muebles, etc. Como el aluminio es un metal muy duradero, es ampliamente preferido como piezas deslizantes.<\/div>\n","protected":false},"featured_media":989185,"comment_status":"closed","ping_status":"closed","template":"","meta":[],"product_brand":[],"product_cat":[538,537,550,534,543,541,552,553,546],"product_tag":[],"class_list":{"0":"post-989444","1":"product","2":"type-product","3":"status-publish","4":"has-post-thumbnail","6":"product_cat-aluminio-anodizado","7":"product_cat-anodized-aluminum","8":"product_cat-maquinaria-pesada-equipos-industriales","9":"product_cat-perfiles-de-aluminio","10":"product_cat-sector-construccion-arquitectura","11":"product_cat-sector-de-las-energias-renovables","12":"product_cat-soluciones-electronicas-hvac","13":"product_cat-soluciones-marinas-offshore","14":"product_cat-transporte-y-automocion","16":"first","17":"instock","18":"shipping-taxable","19":"product-type-simple","20":"prodpage-style2"},"_links":{"self":[{"href":"https:\/\/bor-usa.com\/es\/wp-json\/wp\/v2\/product\/989444","targetHints":{"allow":["GET"]}}],"collection":[{"href":"https:\/\/bor-usa.com\/es\/wp-json\/wp\/v2\/product"}],"about":[{"href":"https:\/\/bor-usa.com\/es\/wp-json\/wp\/v2\/types\/product"}],"replies":[{"embeddable":true,"href":"https:\/\/bor-usa.com\/es\/wp-json\/wp\/v2\/comments?post=989444"}],"wp:featuredmedia":[{"embeddable":true,"href":"https:\/\/bor-usa.com\/es\/wp-json\/wp\/v2\/media\/989185"}],"wp:attachment":[{"href":"https:\/\/bor-usa.com\/es\/wp-json\/wp\/v2\/media?parent=989444"}],"wp:term":[{"taxonomy":"product_brand","embeddable":true,"href":"https:\/\/bor-usa.com\/es\/wp-json\/wp\/v2\/product_brand?post=989444"},{"taxonomy":"product_cat","embeddable":true,"href":"https:\/\/bor-usa.com\/es\/wp-json\/wp\/v2\/product_cat?post=989444"},{"taxonomy":"product_tag","embeddable":true,"href":"https:\/\/bor-usa.com\/es\/wp-json\/wp\/v2\/product_tag?post=989444"}],"curies":[{"name":"wp","href":"https:\/\/api.w.org\/{rel}","templated":true}]}}