{"id":989446,"date":"2022-11-14T14:18:23","date_gmt":"2022-11-14T14:18:23","guid":{"rendered":"http:\/\/bor-usa.com\/product\/lighting-profiles\/"},"modified":"2023-02-18T17:25:25","modified_gmt":"2023-02-18T17:25:25","slug":"perfiles-de-iluminacion","status":"publish","type":"product","link":"https:\/\/bor-usa.com\/es\/producto\/perfiles-de-iluminacion\/","title":{"rendered":"Perfiles de iluminaci\u00f3n"},"content":{"rendered":"<div><\/div>\n<div>El perfil de aluminio de la tira de luz LED ofrece una gran oportunidad para los dise\u00f1adores de interiores. Esta caja de luz de perfil de aluminio tambi\u00e9n tiene mucho \u00e9xito en la gesti\u00f3n t\u00e9rmica de las tiras LED. En BOR Aluminium Company, proporcionamos el perfil de aluminio de la m\u00e1s alta calidad para tiras de luz.<\/div>\n","protected":false},"excerpt":{"rendered":"<p><strong>Perfiles de Aluminio para Iluminaci\u00f3n<\/strong><\/p>\n<div>Otro uso importante del perfil de aluminio es la iluminaci\u00f3n. Para una iluminaci\u00f3n LED moderna e ideal, los canales de aluminio son ideales. Es posible colocar luminarias LED de forma lineal dentro de los canales de aluminio. Porque los perfiles de aluminio con luz LED son muy duraderos, livianos y est\u00e9ticos para alojar tiras de LED. Adem\u00e1s, es posible utilizar diferentes colores de perfiles y LED para un mejor aprovechamiento.<\/div>\n","protected":false},"featured_media":989180,"comment_status":"closed","ping_status":"closed","template":"","meta":[],"product_brand":[],"product_cat":[539,550,534,543,541,552,553,546],"product_tag":[],"class_list":{"0":"post-989446","1":"product","2":"type-product","3":"status-publish","4":"has-post-thumbnail","6":"product_cat-canales-de-aluminio-extruido","7":"product_cat-maquinaria-pesada-equipos-industriales","8":"product_cat-perfiles-de-aluminio","9":"product_cat-sector-construccion-arquitectura","10":"product_cat-sector-de-las-energias-renovables","11":"product_cat-soluciones-electronicas-hvac","12":"product_cat-soluciones-marinas-offshore","13":"product_cat-transporte-y-automocion","15":"first","16":"instock","17":"shipping-taxable","18":"product-type-simple","19":"prodpage-style2"},"_links":{"self":[{"href":"https:\/\/bor-usa.com\/es\/wp-json\/wp\/v2\/product\/989446","targetHints":{"allow":["GET"]}}],"collection":[{"href":"https:\/\/bor-usa.com\/es\/wp-json\/wp\/v2\/product"}],"about":[{"href":"https:\/\/bor-usa.com\/es\/wp-json\/wp\/v2\/types\/product"}],"replies":[{"embeddable":true,"href":"https:\/\/bor-usa.com\/es\/wp-json\/wp\/v2\/comments?post=989446"}],"wp:featuredmedia":[{"embeddable":true,"href":"https:\/\/bor-usa.com\/es\/wp-json\/wp\/v2\/media\/989180"}],"wp:attachment":[{"href":"https:\/\/bor-usa.com\/es\/wp-json\/wp\/v2\/media?parent=989446"}],"wp:term":[{"taxonomy":"product_brand","embeddable":true,"href":"https:\/\/bor-usa.com\/es\/wp-json\/wp\/v2\/product_brand?post=989446"},{"taxonomy":"product_cat","embeddable":true,"href":"https:\/\/bor-usa.com\/es\/wp-json\/wp\/v2\/product_cat?post=989446"},{"taxonomy":"product_tag","embeddable":true,"href":"https:\/\/bor-usa.com\/es\/wp-json\/wp\/v2\/product_tag?post=989446"}],"curies":[{"name":"wp","href":"https:\/\/api.w.org\/{rel}","templated":true}]}}