{"id":989450,"date":"2022-11-14T14:18:22","date_gmt":"2022-11-14T14:18:22","guid":{"rendered":"http:\/\/bor-usa.com\/product\/advertising-frame-profile\/"},"modified":"2023-02-18T17:29:44","modified_gmt":"2023-02-18T17:29:44","slug":"perfil-de-marco-publicitario","status":"publish","type":"product","link":"https:\/\/bor-usa.com\/es\/producto\/perfil-de-marco-publicitario\/","title":{"rendered":"Perfil de marco publicitario"},"content":{"rendered":"<p>Los perfiles publicitarios de aluminio son muy duraderos y f\u00e1ciles de usar. No necesita adhesivos para publicidad de perfiles de aluminio. La mayor\u00eda de los tableros o marcos tienen clips para carteles para sujetar papeles publicitarios. Por otro lado, la publicidad en aluminio es apta tanto para uso interior como exterior. Como el aluminio es muy resistente a las inclemencias del tiempo, los marcos publicitarios de aluminio se utilizan con mucha frecuencia para vallas publicitarias exteriores. Adem\u00e1s, al ser el aluminio un elemento muy ligero, resultan muy acertados para reducir la carga total de las vallas publicitarias.<\/p>\n","protected":false},"excerpt":{"rendered":"<p><strong>Perfil de marco publicitario de aluminio<\/strong><\/p>\n<div>La publicidad se hizo m\u00e1s f\u00e1cil con las nuevas tecnolog\u00edas. Tenemos que admitir que las vallas publicitarias m\u00e1s populares y efectivas son las digitales. Sin embargo, son muy costosos de instalar, ejecutar y mantener. Entonces, el segundo m\u00e1s efectivo pero m\u00e1s rentable son los perfiles publicitarios de aluminio.<\/div>\n","protected":false},"featured_media":989821,"comment_status":"closed","ping_status":"closed","template":"","meta":[],"product_brand":[],"product_cat":[534],"product_tag":[],"class_list":{"0":"post-989450","1":"product","2":"type-product","3":"status-publish","4":"has-post-thumbnail","6":"product_cat-perfiles-de-aluminio","8":"first","9":"instock","10":"shipping-taxable","11":"product-type-simple","12":"prodpage-style2"},"_links":{"self":[{"href":"https:\/\/bor-usa.com\/es\/wp-json\/wp\/v2\/product\/989450","targetHints":{"allow":["GET"]}}],"collection":[{"href":"https:\/\/bor-usa.com\/es\/wp-json\/wp\/v2\/product"}],"about":[{"href":"https:\/\/bor-usa.com\/es\/wp-json\/wp\/v2\/types\/product"}],"replies":[{"embeddable":true,"href":"https:\/\/bor-usa.com\/es\/wp-json\/wp\/v2\/comments?post=989450"}],"wp:featuredmedia":[{"embeddable":true,"href":"https:\/\/bor-usa.com\/es\/wp-json\/wp\/v2\/media\/989821"}],"wp:attachment":[{"href":"https:\/\/bor-usa.com\/es\/wp-json\/wp\/v2\/media?parent=989450"}],"wp:term":[{"taxonomy":"product_brand","embeddable":true,"href":"https:\/\/bor-usa.com\/es\/wp-json\/wp\/v2\/product_brand?post=989450"},{"taxonomy":"product_cat","embeddable":true,"href":"https:\/\/bor-usa.com\/es\/wp-json\/wp\/v2\/product_cat?post=989450"},{"taxonomy":"product_tag","embeddable":true,"href":"https:\/\/bor-usa.com\/es\/wp-json\/wp\/v2\/product_tag?post=989450"}],"curies":[{"name":"wp","href":"https:\/\/api.w.org\/{rel}","templated":true}]}}