{"id":989451,"date":"2022-11-14T14:18:15","date_gmt":"2022-11-14T14:18:15","guid":{"rendered":"http:\/\/bor-usa.com\/product\/handrail-profiles\/"},"modified":"2023-02-18T17:34:36","modified_gmt":"2023-02-18T17:34:36","slug":"perfiles-de-pasamanos","status":"publish","type":"product","link":"https:\/\/bor-usa.com\/es\/producto\/perfiles-de-pasamanos\/","title":{"rendered":"Perfiles de pasamanos"},"content":{"rendered":"<h2>Perfiles de pasamanos de aluminio<\/h2>\n<h2>\u00bfQu\u00e9 son los perfiles de pasamanos de aluminio ?<\/h2>\n<div>\n<p>Los perfiles de pasamanos de aluminio son desmontables. Puede montar y desmontar f\u00e1cilmente toda la estructura o solo algunas partes de los perfiles. La mayor ventaja de los sistemas de pasamanos de aluminio es la vista. Como la est\u00e9tica es un tema muy importante hoy en d\u00eda para la construcci\u00f3n, los herrajes para pasamanos de aluminio o los pasamanos de aluminio para escaleras agregar\u00e1n un gran valor a sus lugares.<\/p>\n<p>Por otro lado, el aluminio es un gran material para ser utilizado como pasamanos. Es muy f\u00e1cil mantenerlos y limpiarlos. Adem\u00e1s, son muy duraderos y fuertes. Por lo tanto, el pasamanos de aluminio es una elecci\u00f3n muy sabia para muchas partes de su residencia.<\/p>\n<\/div>\n<h2>\u00bfCu\u00e1les son los factores que determinan el precio de los pasamanos de aluminio?<\/h2>\n<ol>\n<li>Calidad del material y espesores de perfil<\/li>\n<li>La densidad del material a utilizar.<\/li>\n<li>Calidad firme<\/li>\n<li>Cantidad de trabajo<\/li>\n<\/ol>\n<p><strong>\u00bfCu\u00e1les son las ventajas de los sistemas de barandillas de aluminio?<\/strong><\/p>\n<p>Para dar seguridad y una buena vista de las secciones de los edificios como balcones, escaleras, terrazas, piscinas, se hacen balaustradas. Si tenemos que repetir, aseguramos su seguridad mediante el uso de perfiles de aluminio con nuestros dise\u00f1os elegantes y completamos la elegancia de sus estructuras fabricando barandillas de aluminio. Entregamos a tiempo y mantenemos nuestros trabajos meticulosamente, manteniendo siempre sus solicitudes en primer plano. Ahora nos gustar\u00eda hablar brevemente sobre las ventajas de las barandillas de aluminio.<\/p>\n<ol>\n<li>Aumenta el valor de sus edificios al proporcionar est\u00e9tica, visualidad y longevidad a las \u00e1reas de uso, como escaleras, balcones, terrazas y bordes de piscinas.<\/li>\n<li>Las barandillas de aluminio no requieren mantenimiento. Aparte de la limpieza, y gracias a sus caracter\u00edsticas superiores, como a\u00f1os de uso sin problemas, se ha convertido en un elemento integral e indispensable de las estructuras modernas e inteligentes de la actualidad.<\/li>\n<li>Aumenta el valor de sus estructuras por ser fuertes y ligeras.<\/li>\n<li>Las soluciones adecuadas para la atm\u00f3sfera de cada edificio proporcionan facilidad de uso y una variedad de aplicaciones. Puedes aplicarlo de la forma que quieras.<\/li>\n<li>\u00a0Las barandillas de aluminio se pueden utilizar tanto en interiores como en exteriores. No sobrecarga las estructuras.<\/li>\n<li>\u00a0Es amigable con la naturaleza con su funci\u00f3n de reciclaje.<\/li>\n<li>\u00a0Los pasamanos de aluminio son m\u00e1s f\u00e1ciles de instalar que otras aplicaciones.<\/li>\n<li>\u00a0No se oxida y es resistente a la corrosi\u00f3n.<\/li>\n<\/ol>\n<p>El pasamanos de aluminio no requiere renovaci\u00f3n y es muy duradero. Al ser uno de los \u00faltimos procesos de la edificaci\u00f3n, no perjudica a otras producciones y adem\u00e1s facilita la aplicaci\u00f3n de otras producciones.<\/p>\n<p>Dondequiera que est\u00e9s en el mundo, siempre debes hacer tu mejor trabajo. Esta es una indicaci\u00f3n de tu respeto por ti mismo y tu vida. Como Bor Aluminium, somos conscientes de ello. Trabajamos con gente muy exitosa en el rubro y seguimos nuestro camino con materiales que garantizar\u00e1n tu seguridad.<\/p>\n<p>Para cumplir correctamente con sus expectativas, primero lo escuchamos. Damos forma a los proyectos seg\u00fan sus deseos. Gracias a la barandilla de aluminio, podr\u00e1 brindar seguridad sin agregar carga a sus edificios al agregar elegancia a su sala de estar.<\/p>\n<p>Queremos que sepa que estamos constantemente siguiendo los desarrollos tecnol\u00f3gicos relacionados con nuestros productos constantemente renovados y nuestro campo. Nos gustar\u00eda recordarle que producimos diferentes tama\u00f1os de productos, as\u00ed como pasamanos en diferentes estilos adecuados para el dise\u00f1o de edificios. Estamos frente a ti con nuestras soluciones inteligentes para tus necesidades y nuestra pol\u00edtica de precios que no te obligar\u00e1.<\/p>\n<p><strong>\u00bfPor qu\u00e9 se deben preferir las barandillas de acero inoxidable?<\/strong><\/p>\n<p>Las barandillas de acero inoxidable le dan un toque contempor\u00e1neo a cualquier espacio. Gracias a su car\u00e1cter fuerte y bajo mantenimiento del aluminio, la barandilla es una opci\u00f3n ideal para cualquier espacio. Los dise\u00f1os de barandillas de acero inoxidable son muy diversos.<\/p>\n<p>Las balaustradas fabricadas en aluminio se pueden utilizar en muchas \u00e1reas desde las escaleras interiores y balcones de los espacios hasta proyectos comerciales. Encontrar el sistema de barandilla adecuado es importante tanto para la fijaci\u00f3n como para la estructura. Dado que el estilo y el dise\u00f1o se han convertido en los componentes m\u00e1s importantes de la actualidad, los dise\u00f1os de las barandillas se han vuelto tan importantes como su robustez.<\/p>\n<p>Entonces, si est\u00e1 buscando un fabricante de balaustradas de aluminio, un fabricante de perfiles de pasamanos de aluminio y un fabricante de barandas de aluminio, cont\u00e1ctenos y obtenga m\u00e1s informaci\u00f3n sobre los precios de las barandillas de aluminio.<\/p>\n","protected":false},"excerpt":{"rendered":"<p><strong>Perfiles de pasamanos de aluminio<\/strong><\/p>\n<div>Uno de los lugares de uso m\u00e1s comunes del aluminio son los pasamanos. Se utilizan en escaleras, balcones, terrazas y muchos otros lugares para agregar belleza y brindar seguridad. Como el aluminio es un material est\u00e9tico, ligero y duradero, tiene mucho \u00e9xito como pasamanos.<\/div>\n","protected":false},"featured_media":989168,"comment_status":"closed","ping_status":"closed","template":"","meta":[],"product_brand":[],"product_cat":[534],"product_tag":[],"class_list":{"0":"post-989451","1":"product","2":"type-product","3":"status-publish","4":"has-post-thumbnail","6":"product_cat-perfiles-de-aluminio","8":"first","9":"instock","10":"shipping-taxable","11":"product-type-simple","12":"prodpage-style2"},"_links":{"self":[{"href":"https:\/\/bor-usa.com\/es\/wp-json\/wp\/v2\/product\/989451","targetHints":{"allow":["GET"]}}],"collection":[{"href":"https:\/\/bor-usa.com\/es\/wp-json\/wp\/v2\/product"}],"about":[{"href":"https:\/\/bor-usa.com\/es\/wp-json\/wp\/v2\/types\/product"}],"replies":[{"embeddable":true,"href":"https:\/\/bor-usa.com\/es\/wp-json\/wp\/v2\/comments?post=989451"}],"wp:featuredmedia":[{"embeddable":true,"href":"https:\/\/bor-usa.com\/es\/wp-json\/wp\/v2\/media\/989168"}],"wp:attachment":[{"href":"https:\/\/bor-usa.com\/es\/wp-json\/wp\/v2\/media?parent=989451"}],"wp:term":[{"taxonomy":"product_brand","embeddable":true,"href":"https:\/\/bor-usa.com\/es\/wp-json\/wp\/v2\/product_brand?post=989451"},{"taxonomy":"product_cat","embeddable":true,"href":"https:\/\/bor-usa.com\/es\/wp-json\/wp\/v2\/product_cat?post=989451"},{"taxonomy":"product_tag","embeddable":true,"href":"https:\/\/bor-usa.com\/es\/wp-json\/wp\/v2\/product_tag?post=989451"}],"curies":[{"name":"wp","href":"https:\/\/api.w.org\/{rel}","templated":true}]}}