{"id":989453,"date":"2022-11-14T14:18:15","date_gmt":"2022-11-14T14:18:15","guid":{"rendered":"http:\/\/bor-usa.com\/product\/standart-profiles\/"},"modified":"2023-02-18T17:36:24","modified_gmt":"2023-02-18T17:36:24","slug":"perfiles-estandar","status":"publish","type":"product","link":"https:\/\/bor-usa.com\/es\/producto\/perfiles-estandar\/","title":{"rendered":"Perfiles est\u00e1ndar"},"content":{"rendered":"<p>El beneficio m\u00e1s importante de los perfiles de extrusi\u00f3n de aluminio est\u00e1ndar es la flexibilidad. Puede cambiar o adaptar su proyecto o dise\u00f1o con los perfiles est\u00e1ndar f\u00e1cilmente. Esto tambi\u00e9n tiene mucho \u00e9xito en proporcionar rentabilidad. Como los perfiles no son tipos especiales, podr\u00e1 proporcionar sus materiales a precios m\u00e1s bajos. Porque las formas est\u00e1ndar de extrusi\u00f3n de aluminio le permiten realizar sus planificaciones y dise\u00f1os con flexibilidad.<\/p>\n<p>Bor Aluminum es un fabricante de palanquillas de aluminio en Turqu\u00eda. Si necesita fabricantes de perfiles de extrusi\u00f3n de aluminio, o fabricantes de tubos de aluminio redondos, o fabricantes de marcos de ventanas de aluminio, estamos para servirle.<\/p>\n","protected":false},"excerpt":{"rendered":"<p><strong>Perfiles de aluminio est\u00e1ndar<\/strong><\/p>\n<div>Los perfiles de aluminio est\u00e1ndar o las extrusiones de aluminio est\u00e1ndar son los perfiles que puede usar en muchos lugares diferentes para diferentes prop\u00f3sitos. Estos son \u00e1ngulos, canales, tubos y otras formas que los diferencian de otros tipos de perfiles especiales. Estos son los perfiles directos que producimos ampliamente en nuestras f\u00e1bricas.<\/div>\n","protected":false},"featured_media":989167,"comment_status":"closed","ping_status":"closed","template":"","meta":[],"product_brand":[],"product_cat":[534],"product_tag":[],"class_list":{"0":"post-989453","1":"product","2":"type-product","3":"status-publish","4":"has-post-thumbnail","6":"product_cat-perfiles-de-aluminio","8":"first","9":"instock","10":"shipping-taxable","11":"product-type-simple","12":"prodpage-style2"},"_links":{"self":[{"href":"https:\/\/bor-usa.com\/es\/wp-json\/wp\/v2\/product\/989453","targetHints":{"allow":["GET"]}}],"collection":[{"href":"https:\/\/bor-usa.com\/es\/wp-json\/wp\/v2\/product"}],"about":[{"href":"https:\/\/bor-usa.com\/es\/wp-json\/wp\/v2\/types\/product"}],"replies":[{"embeddable":true,"href":"https:\/\/bor-usa.com\/es\/wp-json\/wp\/v2\/comments?post=989453"}],"wp:featuredmedia":[{"embeddable":true,"href":"https:\/\/bor-usa.com\/es\/wp-json\/wp\/v2\/media\/989167"}],"wp:attachment":[{"href":"https:\/\/bor-usa.com\/es\/wp-json\/wp\/v2\/media?parent=989453"}],"wp:term":[{"taxonomy":"product_brand","embeddable":true,"href":"https:\/\/bor-usa.com\/es\/wp-json\/wp\/v2\/product_brand?post=989453"},{"taxonomy":"product_cat","embeddable":true,"href":"https:\/\/bor-usa.com\/es\/wp-json\/wp\/v2\/product_cat?post=989453"},{"taxonomy":"product_tag","embeddable":true,"href":"https:\/\/bor-usa.com\/es\/wp-json\/wp\/v2\/product_tag?post=989453"}],"curies":[{"name":"wp","href":"https:\/\/api.w.org\/{rel}","templated":true}]}}