{"id":989455,"date":"2022-11-14T14:18:15","date_gmt":"2022-11-14T14:18:15","guid":{"rendered":"http:\/\/bor-usa.com\/product\/glass-balcony-profiles\/"},"modified":"2023-02-23T12:46:21","modified_gmt":"2023-02-23T12:46:21","slug":"perfiles-de-balcon-de-vidrio","status":"publish","type":"product","link":"https:\/\/bor-usa.com\/es\/producto\/perfiles-de-balcon-de-vidrio\/","title":{"rendered":"Perfiles de Balc\u00f3n de Vidrio"},"content":{"rendered":"<p>Otra caracter\u00edstica importante del aluminio para los sistemas de balcones de vidrio es su ligereza. Los sistemas de balcones de vidrio y aluminio son muy ligeros y crean menos cargas en los balcones. Al ser resistentes a la luz solar, al agua de lluvia o a la nieve, se convirtieron en un reemplazo para los sistemas de balc\u00f3n de PVC.<\/p>\n","protected":false},"excerpt":{"rendered":"<p><strong>Perfiles de balc\u00f3n de vidrio de aluminio<\/strong><\/p>\n<p>Otra \u00e1rea ampliamente utilizada del aluminio son los sistemas de balcones de vidrio. Al igual que las cabinas de ducha, las principales ventajas de los sistemas de balc\u00f3n de vidrio de aluminio son la durabilidad y la resistencia al agua. Entonces, \u00bfqu\u00e9 son los sistemas de balc\u00f3n de vidrio y aluminio? Como el aluminio es duradero contra todo tipo de condiciones clim\u00e1ticas, es aconsejable usarlo con balcones de vidrio.<\/p>\n","protected":false},"featured_media":989169,"comment_status":"closed","ping_status":"closed","template":"","meta":[],"product_brand":[],"product_cat":[534],"product_tag":[],"class_list":{"0":"post-989455","1":"product","2":"type-product","3":"status-publish","4":"has-post-thumbnail","6":"product_cat-perfiles-de-aluminio","8":"first","9":"instock","10":"shipping-taxable","11":"product-type-simple","12":"prodpage-style2"},"_links":{"self":[{"href":"https:\/\/bor-usa.com\/es\/wp-json\/wp\/v2\/product\/989455","targetHints":{"allow":["GET"]}}],"collection":[{"href":"https:\/\/bor-usa.com\/es\/wp-json\/wp\/v2\/product"}],"about":[{"href":"https:\/\/bor-usa.com\/es\/wp-json\/wp\/v2\/types\/product"}],"replies":[{"embeddable":true,"href":"https:\/\/bor-usa.com\/es\/wp-json\/wp\/v2\/comments?post=989455"}],"wp:featuredmedia":[{"embeddable":true,"href":"https:\/\/bor-usa.com\/es\/wp-json\/wp\/v2\/media\/989169"}],"wp:attachment":[{"href":"https:\/\/bor-usa.com\/es\/wp-json\/wp\/v2\/media?parent=989455"}],"wp:term":[{"taxonomy":"product_brand","embeddable":true,"href":"https:\/\/bor-usa.com\/es\/wp-json\/wp\/v2\/product_brand?post=989455"},{"taxonomy":"product_cat","embeddable":true,"href":"https:\/\/bor-usa.com\/es\/wp-json\/wp\/v2\/product_cat?post=989455"},{"taxonomy":"product_tag","embeddable":true,"href":"https:\/\/bor-usa.com\/es\/wp-json\/wp\/v2\/product_tag?post=989455"}],"curies":[{"name":"wp","href":"https:\/\/api.w.org\/{rel}","templated":true}]}}