{"id":989456,"date":"2022-11-14T14:18:15","date_gmt":"2022-11-14T14:18:15","guid":{"rendered":"http:\/\/bor-usa.com\/product\/window-frame\/"},"modified":"2023-03-07T12:48:17","modified_gmt":"2023-03-07T12:48:17","slug":"marco-de-la-ventana","status":"publish","type":"product","link":"https:\/\/bor-usa.com\/es\/producto\/marco-de-la-ventana\/","title":{"rendered":"marco de ventanas de aluminio"},"content":{"rendered":"<p>Un marco de ventana de aluminio es un tipo de marco de ventana hecho de aluminio, un metal liviano y duradero. Los marcos de ventanas de aluminio se utilizan ampliamente en la construcci\u00f3n residencial y comercial debido a su resistencia, resistencia a la corrosi\u00f3n y bajos requisitos de mantenimiento.<\/p>\n<p>Los marcos de ventanas de aluminio se pueden fabricar en una variedad de formas y tama\u00f1os para adaptarse a diferentes aberturas de ventanas, y se pueden recubrir con polvo o anodizar para proporcionar una variedad de acabados y colores. Tambi\u00e9n son energ\u00e9ticamente eficientes, ya que pueden dise\u00f1arse con roturas de puente t\u00e9rmico para evitar la transferencia de calor, lo que reduce el consumo de energ\u00eda para calefacci\u00f3n y refrigeraci\u00f3n.<\/p>\n<p>Adem\u00e1s de sus ventajas pr\u00e1cticas, los marcos de ventanas de aluminio ofrecen una apariencia elegante y moderna que puede mejorar el atractivo est\u00e9tico de un edificio. A menudo se prefieren a los marcos de madera tradicionales porque son menos susceptibles a deformarse, pudrirse o da\u00f1arse por insectos<\/p>\n","protected":false},"excerpt":{"rendered":"<p><strong>Marco de ventana de aluminio<\/strong><\/p>\n<p>La serie Aldoks de aluminio es un marco de ventana similar a la serie C60. Esta serie tambi\u00e9n se utiliza para lugares de trabajo, oficinas o salas de exposici\u00f3n. Adem\u00e1s, el marco de la ventana con apariencia de aluminio tampoco es t\u00e9rmico. Como es muy duradero, se utiliza para proyectos de perfil m\u00e1s amplio. Tambi\u00e9n es posible fabricar modelos resistentes al calor. Cuando considera la eficiencia de costo\/rendimiento, la apariencia es un producto muy exitoso.<\/p>\n<div>Aldo is complimentary of sliding window doors. And has a great aesthetic view. It is possible to use different thicknesses of glass with these profiles. Aldous is very helpful in designing genuine and innovative models.<\/div>\n","protected":false},"featured_media":989293,"comment_status":"closed","ping_status":"closed","template":"","meta":[],"product_brand":[],"product_cat":[538,550,534,543,541,552,553,546],"product_tag":[],"class_list":{"0":"post-989456","1":"product","2":"type-product","3":"status-publish","4":"has-post-thumbnail","6":"product_cat-aluminio-anodizado","7":"product_cat-maquinaria-pesada-equipos-industriales","8":"product_cat-perfiles-de-aluminio","9":"product_cat-sector-construccion-arquitectura","10":"product_cat-sector-de-las-energias-renovables","11":"product_cat-soluciones-electronicas-hvac","12":"product_cat-soluciones-marinas-offshore","13":"product_cat-transporte-y-automocion","15":"first","16":"instock","17":"shipping-taxable","18":"product-type-simple","19":"prodpage-style2"},"_links":{"self":[{"href":"https:\/\/bor-usa.com\/es\/wp-json\/wp\/v2\/product\/989456","targetHints":{"allow":["GET"]}}],"collection":[{"href":"https:\/\/bor-usa.com\/es\/wp-json\/wp\/v2\/product"}],"about":[{"href":"https:\/\/bor-usa.com\/es\/wp-json\/wp\/v2\/types\/product"}],"replies":[{"embeddable":true,"href":"https:\/\/bor-usa.com\/es\/wp-json\/wp\/v2\/comments?post=989456"}],"wp:featuredmedia":[{"embeddable":true,"href":"https:\/\/bor-usa.com\/es\/wp-json\/wp\/v2\/media\/989293"}],"wp:attachment":[{"href":"https:\/\/bor-usa.com\/es\/wp-json\/wp\/v2\/media?parent=989456"}],"wp:term":[{"taxonomy":"product_brand","embeddable":true,"href":"https:\/\/bor-usa.com\/es\/wp-json\/wp\/v2\/product_brand?post=989456"},{"taxonomy":"product_cat","embeddable":true,"href":"https:\/\/bor-usa.com\/es\/wp-json\/wp\/v2\/product_cat?post=989456"},{"taxonomy":"product_tag","embeddable":true,"href":"https:\/\/bor-usa.com\/es\/wp-json\/wp\/v2\/product_tag?post=989456"}],"curies":[{"name":"wp","href":"https:\/\/api.w.org\/{rel}","templated":true}]}}