{"id":989457,"date":"2022-11-14T14:18:15","date_gmt":"2022-11-14T14:18:15","guid":{"rendered":"http:\/\/bor-usa.com\/product\/construction-profiles\/"},"modified":"2023-02-18T17:43:17","modified_gmt":"2023-02-18T17:43:17","slug":"perfiles-de-construccion","status":"publish","type":"product","link":"https:\/\/bor-usa.com\/es\/producto\/perfiles-de-construccion\/","title":{"rendered":"Perfiles de Construcci\u00f3n"},"content":{"rendered":"<p>Generalmente se fabrican en 6000 mm, pero tambi\u00e9n es posible fabricar 7500 mm bajo pedido especial.<\/p>\n<p>Es posible utilizar perfiles de construcci\u00f3n de aleaci\u00f3n de aluminio con todo tipo de cargas est\u00e1ticas y din\u00e1micas. Como todos los componentes son est\u00e1ndar y encajan entre s\u00ed, su uso es muy pr\u00e1ctico. Las caracter\u00edsticas m\u00e1s importantes de los perfiles de construcci\u00f3n de aluminio son;<\/p>\n<p>Pr\u00e1ctico,<br \/>\nMontaje f\u00e1cil y r\u00e1pido,<br \/>\nDurabilidad,<br \/>\nAlta utilidad,<br \/>\nF\u00e1cil de dise\u00f1ar.<br \/>\nHoy en d\u00eda, los perfiles de construcci\u00f3n se utilizan en todas las industrias. Es posible fabricar mesa, m\u00e1quina, tapa, y otras aplicaciones. Adem\u00e1s, es posible usarlos como canales de aire, agua o aceite con la ayuda de su estructura \u00fanica.<\/p>\n<p>Por otro lado, al ser muy modulares, es muy f\u00e1cil desmontarlos y volver a montarlos en otro lugar.<\/p>\n","protected":false},"excerpt":{"rendered":"<p><strong>Perfiles de construcci\u00f3n de aluminio<\/strong><\/p>\n<p>Los perfiles de construcci\u00f3n de aluminio son productos innovadores y bien dise\u00f1ados que comenzaron a reemplazar la construcci\u00f3n de acero. Los perfiles de construcci\u00f3n se pueden montar unos sobre otros con mucha facilidad, lo que los convierte en un elemento de construcci\u00f3n muy pr\u00e1ctico.<\/p>\n<p>Los perfiles de aluminio de construcci\u00f3n se fabrican a partir de la serie 6063 y se refuerzan con anodizado de 11 micras. As\u00ed, de esta forma, no habr\u00e1 otro proceso extra en las instalaciones. Estos perfiles tampoco requieren pintura.<\/p>\n","protected":false},"featured_media":989170,"comment_status":"closed","ping_status":"closed","template":"","meta":[],"product_brand":[],"product_cat":[534],"product_tag":[],"class_list":{"0":"post-989457","1":"product","2":"type-product","3":"status-publish","4":"has-post-thumbnail","6":"product_cat-perfiles-de-aluminio","8":"first","9":"instock","10":"shipping-taxable","11":"product-type-simple","12":"prodpage-style2"},"_links":{"self":[{"href":"https:\/\/bor-usa.com\/es\/wp-json\/wp\/v2\/product\/989457","targetHints":{"allow":["GET"]}}],"collection":[{"href":"https:\/\/bor-usa.com\/es\/wp-json\/wp\/v2\/product"}],"about":[{"href":"https:\/\/bor-usa.com\/es\/wp-json\/wp\/v2\/types\/product"}],"replies":[{"embeddable":true,"href":"https:\/\/bor-usa.com\/es\/wp-json\/wp\/v2\/comments?post=989457"}],"wp:featuredmedia":[{"embeddable":true,"href":"https:\/\/bor-usa.com\/es\/wp-json\/wp\/v2\/media\/989170"}],"wp:attachment":[{"href":"https:\/\/bor-usa.com\/es\/wp-json\/wp\/v2\/media?parent=989457"}],"wp:term":[{"taxonomy":"product_brand","embeddable":true,"href":"https:\/\/bor-usa.com\/es\/wp-json\/wp\/v2\/product_brand?post=989457"},{"taxonomy":"product_cat","embeddable":true,"href":"https:\/\/bor-usa.com\/es\/wp-json\/wp\/v2\/product_cat?post=989457"},{"taxonomy":"product_tag","embeddable":true,"href":"https:\/\/bor-usa.com\/es\/wp-json\/wp\/v2\/product_tag?post=989457"}],"curies":[{"name":"wp","href":"https:\/\/api.w.org\/{rel}","templated":true}]}}