{"id":989459,"date":"2022-11-14T14:18:15","date_gmt":"2022-11-14T14:18:15","guid":{"rendered":"http:\/\/bor-usa.com\/product\/shutter-profiles\/"},"modified":"2023-02-18T17:45:12","modified_gmt":"2023-02-18T17:45:12","slug":"perfiles-de-persiana","status":"publish","type":"product","link":"https:\/\/bor-usa.com\/es\/producto\/perfiles-de-persiana\/","title":{"rendered":"Perfiles de persiana"},"content":{"rendered":"<p>Como el aluminio es un material muy duradero y fuerte, son materiales perfectos para usar como contraventanas. Esta es la raz\u00f3n por la que tanta gente prefiere los perfiles de persiana de aluminio para sus oficinas o residencias. Adem\u00e1s, son materiales ideales para grandes instalaciones industriales.<\/p>\n<p>Por otro lado, la est\u00e9tica es una preocupaci\u00f3n real para las persianas, ya que se encuentran en las partes m\u00e1s visibles de los edificios. Los perfiles de aluminio anodizado o con recubrimiento en polvo crean una vista con sus maravillosos colores. Entonces, los perfiles de persiana de aluminio se volvieron muy comunes en todo el mundo.<\/p>\n","protected":false},"excerpt":{"rendered":"<p><strong>Perfiles de persiana de aluminio<\/strong><\/p>\n<p>La persiana de perfil de aluminio es un excelente material para usar como persianas en el exterior de las ventanas y puertas del edificio. El prop\u00f3sito de estas persianas es proteger el interior de los efectos exteriores. Especialmente los lugares que est\u00e1n muy afectados por la luz solar durante todo el a\u00f1o son ideales para usar persianas. Por otro lado, las persianas tienen mucho \u00e9xito en climas fr\u00edos. Ambos pueden proporcionar aislamiento t\u00e9rmico y tambi\u00e9n protecci\u00f3n contra el agua de lluvia.<\/p>\n","protected":false},"featured_media":989171,"comment_status":"closed","ping_status":"closed","template":"","meta":[],"product_brand":[],"product_cat":[534],"product_tag":[],"class_list":{"0":"post-989459","1":"product","2":"type-product","3":"status-publish","4":"has-post-thumbnail","6":"product_cat-perfiles-de-aluminio","8":"first","9":"instock","10":"shipping-taxable","11":"product-type-simple","12":"prodpage-style2"},"_links":{"self":[{"href":"https:\/\/bor-usa.com\/es\/wp-json\/wp\/v2\/product\/989459","targetHints":{"allow":["GET"]}}],"collection":[{"href":"https:\/\/bor-usa.com\/es\/wp-json\/wp\/v2\/product"}],"about":[{"href":"https:\/\/bor-usa.com\/es\/wp-json\/wp\/v2\/types\/product"}],"replies":[{"embeddable":true,"href":"https:\/\/bor-usa.com\/es\/wp-json\/wp\/v2\/comments?post=989459"}],"wp:featuredmedia":[{"embeddable":true,"href":"https:\/\/bor-usa.com\/es\/wp-json\/wp\/v2\/media\/989171"}],"wp:attachment":[{"href":"https:\/\/bor-usa.com\/es\/wp-json\/wp\/v2\/media?parent=989459"}],"wp:term":[{"taxonomy":"product_brand","embeddable":true,"href":"https:\/\/bor-usa.com\/es\/wp-json\/wp\/v2\/product_brand?post=989459"},{"taxonomy":"product_cat","embeddable":true,"href":"https:\/\/bor-usa.com\/es\/wp-json\/wp\/v2\/product_cat?post=989459"},{"taxonomy":"product_tag","embeddable":true,"href":"https:\/\/bor-usa.com\/es\/wp-json\/wp\/v2\/product_tag?post=989459"}],"curies":[{"name":"wp","href":"https:\/\/api.w.org\/{rel}","templated":true}]}}