{"id":989460,"date":"2022-11-14T14:18:15","date_gmt":"2022-11-14T14:18:15","guid":{"rendered":"http:\/\/bor-usa.com\/product\/screed-board-profiles\/"},"modified":"2023-02-18T17:46:56","modified_gmt":"2023-02-18T17:46:56","slug":"perfiles-de-tablero-de-soleras","status":"publish","type":"product","link":"https:\/\/bor-usa.com\/es\/producto\/perfiles-de-tablero-de-soleras\/","title":{"rendered":"Perfiles de tablero de soleras"},"content":{"rendered":"<p>La placa de alisado de aluminio se utiliza para igualar o alisar la superficie de materiales de construcci\u00f3n como yeso, estuco o, m\u00e1s com\u00fanmente, hormig\u00f3n. Adem\u00e1s, existe un tipo especial de regla para extender y alisar el asfalto.<\/p>\n<p>El acabado de concreto o asfalto es una parte cr\u00edtica del trabajo y requiere un enfoque sensible. Como el aluminio es un gran producto con su durabilidad, flexibilidad y peso ligero, tiene mucho \u00e9xito en dar la forma final de los materiales estructurales.<\/p>\n","protected":false},"excerpt":{"rendered":"<p><strong>Perfiles de placa de solera de aluminio<\/strong><\/p>\n<p>Una tabla de solera, tambi\u00e9n llamada tabla plana o solera flotante, es una herramienta especial y estructural para el acabado en el campo de la construcci\u00f3n. Generalmente est\u00e1 hecho de aluminio y se conoce como tableros de soleras de aluminio. En realidad, es un perfil de aluminio cl\u00e1sico, pero su forma est\u00e1 especialmente dise\u00f1ada para el acabado.<\/p>\n","protected":false},"featured_media":989175,"comment_status":"closed","ping_status":"closed","template":"","meta":[],"product_brand":[],"product_cat":[534],"product_tag":[],"class_list":{"0":"post-989460","1":"product","2":"type-product","3":"status-publish","4":"has-post-thumbnail","6":"product_cat-perfiles-de-aluminio","8":"first","9":"instock","10":"shipping-taxable","11":"product-type-simple","12":"prodpage-style2"},"_links":{"self":[{"href":"https:\/\/bor-usa.com\/es\/wp-json\/wp\/v2\/product\/989460","targetHints":{"allow":["GET"]}}],"collection":[{"href":"https:\/\/bor-usa.com\/es\/wp-json\/wp\/v2\/product"}],"about":[{"href":"https:\/\/bor-usa.com\/es\/wp-json\/wp\/v2\/types\/product"}],"replies":[{"embeddable":true,"href":"https:\/\/bor-usa.com\/es\/wp-json\/wp\/v2\/comments?post=989460"}],"wp:featuredmedia":[{"embeddable":true,"href":"https:\/\/bor-usa.com\/es\/wp-json\/wp\/v2\/media\/989175"}],"wp:attachment":[{"href":"https:\/\/bor-usa.com\/es\/wp-json\/wp\/v2\/media?parent=989460"}],"wp:term":[{"taxonomy":"product_brand","embeddable":true,"href":"https:\/\/bor-usa.com\/es\/wp-json\/wp\/v2\/product_brand?post=989460"},{"taxonomy":"product_cat","embeddable":true,"href":"https:\/\/bor-usa.com\/es\/wp-json\/wp\/v2\/product_cat?post=989460"},{"taxonomy":"product_tag","embeddable":true,"href":"https:\/\/bor-usa.com\/es\/wp-json\/wp\/v2\/product_tag?post=989460"}],"curies":[{"name":"wp","href":"https:\/\/api.w.org\/{rel}","templated":true}]}}