{"id":989461,"date":"2022-11-14T14:18:15","date_gmt":"2022-11-14T14:18:15","guid":{"rendered":"http:\/\/bor-usa.com\/product\/ladder-profile\/"},"modified":"2023-02-18T17:49:26","modified_gmt":"2023-02-18T17:49:26","slug":"perfil-de-escalera","status":"publish","type":"product","link":"https:\/\/bor-usa.com\/es\/producto\/perfil-de-escalera\/","title":{"rendered":"Perfil de escalera"},"content":{"rendered":"<p>El perfil de aluminio es un gran material para escaleras. Sus escalones tienen una estructura irregular, lo que los hace muy antideslizantes para brindar seguridad. Puedes escalarlos y pararte all\u00ed con gran confianza. Adem\u00e1s, todos los portaescaleras de aluminio tienen altura regulable. Puedes ajustarlo f\u00e1cilmente y usarlo para todo tipo de trabajos.<\/p>\n<p>Y por \u00faltimo, las escaleras multiusos de aluminio son muy f\u00e1ciles de limpiar. Puede usarlos para pintar y despu\u00e9s del trabajo, puede limpiarlos f\u00e1cilmente. Entonces, podemos entender que las escaleras de aluminio son muy pr\u00e1cticas, seguras, modernas y f\u00e1ciles de usar.<\/p>\n","protected":false},"excerpt":{"rendered":"<p><strong>Perfil de escalera de aluminio<\/strong><\/p>\n<p>El aluminio es un gran metal para usar en la fabricaci\u00f3n de escaleras. Porque el aluminio es un metal muy ligero y duradero. Por lo tanto, puede transportar y usar escaleras de perfil de aluminio de manera f\u00e1cil y segura. Otra caracter\u00edstica importante de la escalera extensible de aluminio es la portabilidad. Como el aluminio es un gran metal con alta resistencia, es plegable con su gran dise\u00f1o. De esta manera, es posible almacenar escaleras m\u00e1s largas en espacios m\u00e1s cortos.<\/p>\n","protected":false},"featured_media":989174,"comment_status":"closed","ping_status":"closed","template":"","meta":[],"product_brand":[],"product_cat":[534],"product_tag":[],"class_list":{"0":"post-989461","1":"product","2":"type-product","3":"status-publish","4":"has-post-thumbnail","6":"product_cat-perfiles-de-aluminio","8":"first","9":"instock","10":"shipping-taxable","11":"product-type-simple","12":"prodpage-style2"},"_links":{"self":[{"href":"https:\/\/bor-usa.com\/es\/wp-json\/wp\/v2\/product\/989461","targetHints":{"allow":["GET"]}}],"collection":[{"href":"https:\/\/bor-usa.com\/es\/wp-json\/wp\/v2\/product"}],"about":[{"href":"https:\/\/bor-usa.com\/es\/wp-json\/wp\/v2\/types\/product"}],"replies":[{"embeddable":true,"href":"https:\/\/bor-usa.com\/es\/wp-json\/wp\/v2\/comments?post=989461"}],"wp:featuredmedia":[{"embeddable":true,"href":"https:\/\/bor-usa.com\/es\/wp-json\/wp\/v2\/media\/989174"}],"wp:attachment":[{"href":"https:\/\/bor-usa.com\/es\/wp-json\/wp\/v2\/media?parent=989461"}],"wp:term":[{"taxonomy":"product_brand","embeddable":true,"href":"https:\/\/bor-usa.com\/es\/wp-json\/wp\/v2\/product_brand?post=989461"},{"taxonomy":"product_cat","embeddable":true,"href":"https:\/\/bor-usa.com\/es\/wp-json\/wp\/v2\/product_cat?post=989461"},{"taxonomy":"product_tag","embeddable":true,"href":"https:\/\/bor-usa.com\/es\/wp-json\/wp\/v2\/product_tag?post=989461"}],"curies":[{"name":"wp","href":"https:\/\/api.w.org\/{rel}","templated":true}]}}