{"id":989464,"date":"2022-11-14T14:18:15","date_gmt":"2022-11-14T14:18:15","guid":{"rendered":"http:\/\/bor-usa.com\/product\/awning-profiles\/"},"modified":"2023-02-18T17:53:20","modified_gmt":"2023-02-18T17:53:20","slug":"perfiles-de-toldo","status":"publish","type":"product","link":"https:\/\/bor-usa.com\/es\/producto\/perfiles-de-toldo\/","title":{"rendered":"Perfiles de toldo"},"content":{"rendered":"<p><strong>Perfiles de Aluminio Especiales para Toldos<\/strong><\/p>\n<p>Entonces, \u00bfc\u00f3mo hacemos toldos de perfil de aluminio? De hecho, el aluminio se utiliza generalmente en la estructura de este elemento estructural. La carga real de los toldos est\u00e1 sujeta al marco. Como el aluminio es un material resistente y duradero, un marco de toldo de aluminio es una gran soluci\u00f3n para la estructura principal de los toldos.<\/p>\n<p><strong>D\u00f3nde usar toldos de aluminio<\/strong><\/p>\n<p>De hecho, es posible construirlo y usarlo donde sea que necesite un revestimiento. Los toldos de aluminio para ventanas, toldos de aluminio para puertas, toldos de aluminio para porches o toldos de aluminio para patios son los tipos m\u00e1s populares. Cuando agrega plexigl\u00e1s o fibras a la estructura, se vuelve como un dosel, que es un material de cubierta transparente.<\/p>\n<p><strong>Beneficios de los Toldos de Aluminio<\/strong><\/p>\n<p>Con la ayuda de los avances en las tecnolog\u00edas metal\u00fargicas del aluminio, los toldos de aluminio se hicieron muy populares en las estructuras residenciales de todo el mundo. El beneficio m\u00e1s importante de los toldos de aluminio para un hogar es la estructura fuerte y la durabilidad. Es posible usarlos por m\u00e1s de 40 a\u00f1os sin problemas serios. Adem\u00e1s, es beneficioso para los muebles bajo esta protecci\u00f3n. Al cubrirlos de los efectos del clima, tambi\u00e9n aumentan su vida \u00fatil.<\/p>\n<p>Algunos toldos de aluminio est\u00e1n dise\u00f1ados para plegarse y sujetarse en su lugar. Esta es una forma muy eficiente de proteger sus ventanas de huracanes o grandes tormentas. Por otro lado, los toldos de aluminio para casas m\u00f3viles tambi\u00e9n son otra forma popular y efectiva de usarlos. Como el aluminio es un elemento ligero, tendr\u00e1s una gran eficiencia de carga en tu furgoneta o RV.<\/p>\n<p>Finalmente, es posible elegir diferentes tipos de colores de toldos de aluminio. Puede optar por pintar toldos de aluminio o usar aluminio anodizado para diferentes opciones de color.<\/p>\n<p>En Bor Aluminium ofrecemos los mejores tipos de perfiles de aluminio para toldos.<\/p>\n","protected":false},"excerpt":{"rendered":"<p><strong>Perfiles de toldo de aluminio<\/strong><\/p>\n<p>El toldo, o tambi\u00e9n conocido como voladizo, es una cobertura secundaria que sobresale de la estructura principal del edificio. El objetivo principal de los toldos es la protecci\u00f3n de la luz solar, la lluvia, la nieve u otras condiciones clim\u00e1ticas como los vientos fuertes. En realidad, la historia de los toldos se remonta a los antiguos asentamientos egipcios y sirios.<\/p>\n<p>Los toldos se pueden hacer de diferentes materiales; acero, hierro, algod\u00f3n, poli\u00e9ster y muchos otros. Pero, el material m\u00e1s adecuado para el toldo es el aluminio. Los toldos de aluminio son muy comunes debido a las caracter\u00edsticas distintivas del metal aluminio.<\/p>\n","protected":false},"featured_media":989176,"comment_status":"closed","ping_status":"closed","template":"","meta":[],"product_brand":[],"product_cat":[534],"product_tag":[],"class_list":{"0":"post-989464","1":"product","2":"type-product","3":"status-publish","4":"has-post-thumbnail","6":"product_cat-perfiles-de-aluminio","8":"first","9":"instock","10":"shipping-taxable","11":"product-type-simple","12":"prodpage-style2"},"_links":{"self":[{"href":"https:\/\/bor-usa.com\/es\/wp-json\/wp\/v2\/product\/989464","targetHints":{"allow":["GET"]}}],"collection":[{"href":"https:\/\/bor-usa.com\/es\/wp-json\/wp\/v2\/product"}],"about":[{"href":"https:\/\/bor-usa.com\/es\/wp-json\/wp\/v2\/types\/product"}],"replies":[{"embeddable":true,"href":"https:\/\/bor-usa.com\/es\/wp-json\/wp\/v2\/comments?post=989464"}],"wp:featuredmedia":[{"embeddable":true,"href":"https:\/\/bor-usa.com\/es\/wp-json\/wp\/v2\/media\/989176"}],"wp:attachment":[{"href":"https:\/\/bor-usa.com\/es\/wp-json\/wp\/v2\/media?parent=989464"}],"wp:term":[{"taxonomy":"product_brand","embeddable":true,"href":"https:\/\/bor-usa.com\/es\/wp-json\/wp\/v2\/product_brand?post=989464"},{"taxonomy":"product_cat","embeddable":true,"href":"https:\/\/bor-usa.com\/es\/wp-json\/wp\/v2\/product_cat?post=989464"},{"taxonomy":"product_tag","embeddable":true,"href":"https:\/\/bor-usa.com\/es\/wp-json\/wp\/v2\/product_tag?post=989464"}],"curies":[{"name":"wp","href":"https:\/\/api.w.org\/{rel}","templated":true}]}}