{"id":989466,"date":"2022-11-14T14:18:15","date_gmt":"2022-11-14T14:18:15","guid":{"rendered":"http:\/\/bor-usa.com\/product\/curtain-track-profile\/"},"modified":"2023-02-18T17:56:49","modified_gmt":"2023-02-18T17:56:49","slug":"perfil-de-riel-de-cortina","status":"publish","type":"product","link":"https:\/\/bor-usa.com\/es\/producto\/perfil-de-riel-de-cortina\/","title":{"rendered":"Perfil de riel de cortina"},"content":{"rendered":"<p>El mayor beneficio de los rieles para cortinas de aluminio es que no se oxida ni se astilla. Adem\u00e1s, es posible tener una gran vista con el color deseado. Puede tener rieles simples o m\u00faltiples en su riel de cortina de aluminio extruido. Los sistemas de rieles de cortinas de aluminio generalmente se prefieren en habitaciones residenciales. Pero tambi\u00e9n son populares para aplicaciones de oficina o cortinas de cub\u00edculos privados. Por lo tanto, puede tener un riel duradero, fuerte y est\u00e9tico para sus cortinas con perfiles de aluminio para rieles de cortinas.<\/p>\n","protected":false},"excerpt":{"rendered":"<p><strong>Perfil de pista de cortina de aluminio<\/strong><\/p>\n<p>El aluminio es un gran metal para usar como rieles de cortinas. El aluminio extruido proporciona un gran equilibrio entre durabilidad y est\u00e9tica. Tambi\u00e9n agrega un gran valor a su habitaci\u00f3n. El riel de cortina de techo de aluminio es un riel de cortina de aluminio anodizado o con recubrimiento en polvo que se puede montar directamente en el techo. Puede usar tornillos, clavos o adhesivos est\u00e1ndar como sujetadores.<\/p>\n","protected":false},"featured_media":989173,"comment_status":"closed","ping_status":"closed","template":"","meta":[],"product_brand":[],"product_cat":[534],"product_tag":[],"class_list":{"0":"post-989466","1":"product","2":"type-product","3":"status-publish","4":"has-post-thumbnail","6":"product_cat-perfiles-de-aluminio","8":"first","9":"instock","10":"shipping-taxable","11":"product-type-simple","12":"prodpage-style2"},"_links":{"self":[{"href":"https:\/\/bor-usa.com\/es\/wp-json\/wp\/v2\/product\/989466","targetHints":{"allow":["GET"]}}],"collection":[{"href":"https:\/\/bor-usa.com\/es\/wp-json\/wp\/v2\/product"}],"about":[{"href":"https:\/\/bor-usa.com\/es\/wp-json\/wp\/v2\/types\/product"}],"replies":[{"embeddable":true,"href":"https:\/\/bor-usa.com\/es\/wp-json\/wp\/v2\/comments?post=989466"}],"wp:featuredmedia":[{"embeddable":true,"href":"https:\/\/bor-usa.com\/es\/wp-json\/wp\/v2\/media\/989173"}],"wp:attachment":[{"href":"https:\/\/bor-usa.com\/es\/wp-json\/wp\/v2\/media?parent=989466"}],"wp:term":[{"taxonomy":"product_brand","embeddable":true,"href":"https:\/\/bor-usa.com\/es\/wp-json\/wp\/v2\/product_brand?post=989466"},{"taxonomy":"product_cat","embeddable":true,"href":"https:\/\/bor-usa.com\/es\/wp-json\/wp\/v2\/product_cat?post=989466"},{"taxonomy":"product_tag","embeddable":true,"href":"https:\/\/bor-usa.com\/es\/wp-json\/wp\/v2\/product_tag?post=989466"}],"curies":[{"name":"wp","href":"https:\/\/api.w.org\/{rel}","templated":true}]}}