{"id":989468,"date":"2022-11-14T14:18:15","date_gmt":"2022-11-14T14:18:15","guid":{"rendered":"http:\/\/bor-usa.com\/product\/heater-profiles\/"},"modified":"2023-02-18T17:59:22","modified_gmt":"2023-02-18T17:59:22","slug":"perfiles-de-calentador","status":"publish","type":"product","link":"https:\/\/bor-usa.com\/es\/producto\/perfiles-de-calentador\/","title":{"rendered":"Perfiles de calentador"},"content":{"rendered":"<p>Por otro lado, el perfil del disipador de calor de aluminio tiene mucho \u00e9xito en el disipador de calor. Como sabemos por los perfiles de refrigeraci\u00f3n de aluminio, el aluminio es muy duradero, lo que lo convierte en un material perfecto para trabajar a temperaturas m\u00e1s altas.<\/p>\n<p>Entonces, podemos entender que los perfiles de aluminio son muy exitosos para calefacci\u00f3n y refrigeraci\u00f3n.<\/p>\n","protected":false},"excerpt":{"rendered":"<p><strong>Perfiles de calentador de aluminio<\/strong><\/p>\n<p>Una de las mejores caracter\u00edsticas del metal de aluminio es la conductividad t\u00e9rmica. El aluminio es un excelente transmisor de calor que lo convierte en un excelente material para la calefacci\u00f3n de techos, la calefacci\u00f3n marina o los radiadores comerciales o de trenes. Puede obtener excelentes resultados con los perfiles de calentadores de aluminio porque puede obtener una conducci\u00f3n r\u00e1pida y uniforme de ellos. Por lo tanto, es fant\u00e1stico tener los resultados m\u00e1s silenciosos y eficientes de los perfiles de calentadores de extrusi\u00f3n de aluminio.<\/p>\n","protected":false},"featured_media":989177,"comment_status":"closed","ping_status":"closed","template":"","meta":[],"product_brand":[],"product_cat":[534],"product_tag":[],"class_list":{"0":"post-989468","1":"product","2":"type-product","3":"status-publish","4":"has-post-thumbnail","6":"product_cat-perfiles-de-aluminio","8":"first","9":"instock","10":"shipping-taxable","11":"product-type-simple","12":"prodpage-style2"},"_links":{"self":[{"href":"https:\/\/bor-usa.com\/es\/wp-json\/wp\/v2\/product\/989468","targetHints":{"allow":["GET"]}}],"collection":[{"href":"https:\/\/bor-usa.com\/es\/wp-json\/wp\/v2\/product"}],"about":[{"href":"https:\/\/bor-usa.com\/es\/wp-json\/wp\/v2\/types\/product"}],"replies":[{"embeddable":true,"href":"https:\/\/bor-usa.com\/es\/wp-json\/wp\/v2\/comments?post=989468"}],"wp:featuredmedia":[{"embeddable":true,"href":"https:\/\/bor-usa.com\/es\/wp-json\/wp\/v2\/media\/989177"}],"wp:attachment":[{"href":"https:\/\/bor-usa.com\/es\/wp-json\/wp\/v2\/media?parent=989468"}],"wp:term":[{"taxonomy":"product_brand","embeddable":true,"href":"https:\/\/bor-usa.com\/es\/wp-json\/wp\/v2\/product_brand?post=989468"},{"taxonomy":"product_cat","embeddable":true,"href":"https:\/\/bor-usa.com\/es\/wp-json\/wp\/v2\/product_cat?post=989468"},{"taxonomy":"product_tag","embeddable":true,"href":"https:\/\/bor-usa.com\/es\/wp-json\/wp\/v2\/product_tag?post=989468"}],"curies":[{"name":"wp","href":"https:\/\/api.w.org\/{rel}","templated":true}]}}