{"id":989470,"date":"2022-11-14T14:18:15","date_gmt":"2022-11-14T14:18:15","guid":{"rendered":"http:\/\/bor-usa.com\/product\/sunshade-profiles\/"},"modified":"2023-02-18T18:02:20","modified_gmt":"2023-02-18T18:02:20","slug":"perfiles-de-sombrilla","status":"publish","type":"product","link":"https:\/\/bor-usa.com\/es\/producto\/perfiles-de-sombrilla\/","title":{"rendered":"Perfiles de sombrilla"},"content":{"rendered":"<p>Los parasoles de aluminio para ventanas agregan un gran valor a sus edificios ya que le permiten ahorrar dinero con su funcionalidad y bajos costos de mantenimiento.<\/p>\n<p>Los parasoles exteriores de aluminio pueden bloquear la luz solar adicional en sus edificios. De esta manera, gastar\u00e1 menos dinero en enfriar su edificio. Como el aluminio es un gran material con alta durabilidad y buen dise\u00f1o, puede proporcionar eficiencia y est\u00e9tica.<\/p>\n","protected":false},"excerpt":{"rendered":"<p><strong>Perfiles de sombrilla de aluminio<\/strong><\/p>\n<p>A medida que la tecnolog\u00eda mejora en las t\u00e9cnicas de construcci\u00f3n, la eficiencia energ\u00e9tica, la est\u00e9tica y la rentabilidad se convirtieron en problemas importantes. Con hallazgos innovadores, es posible suplir estas necesidades. Una de las tecnolog\u00edas m\u00e1s eficientes para proporcionarlos son los perfiles de aluminio para parasoles. Es posible mantener los edificios nuevos frescos, c\u00f3modos y rentables con una visi\u00f3n est\u00e9tica moderna.<\/p>\n","protected":false},"featured_media":989172,"comment_status":"closed","ping_status":"closed","template":"","meta":[],"product_brand":[],"product_cat":[534],"product_tag":[],"class_list":{"0":"post-989470","1":"product","2":"type-product","3":"status-publish","4":"has-post-thumbnail","6":"product_cat-perfiles-de-aluminio","8":"first","9":"instock","10":"shipping-taxable","11":"product-type-simple","12":"prodpage-style2"},"_links":{"self":[{"href":"https:\/\/bor-usa.com\/es\/wp-json\/wp\/v2\/product\/989470","targetHints":{"allow":["GET"]}}],"collection":[{"href":"https:\/\/bor-usa.com\/es\/wp-json\/wp\/v2\/product"}],"about":[{"href":"https:\/\/bor-usa.com\/es\/wp-json\/wp\/v2\/types\/product"}],"replies":[{"embeddable":true,"href":"https:\/\/bor-usa.com\/es\/wp-json\/wp\/v2\/comments?post=989470"}],"wp:featuredmedia":[{"embeddable":true,"href":"https:\/\/bor-usa.com\/es\/wp-json\/wp\/v2\/media\/989172"}],"wp:attachment":[{"href":"https:\/\/bor-usa.com\/es\/wp-json\/wp\/v2\/media?parent=989470"}],"wp:term":[{"taxonomy":"product_brand","embeddable":true,"href":"https:\/\/bor-usa.com\/es\/wp-json\/wp\/v2\/product_brand?post=989470"},{"taxonomy":"product_cat","embeddable":true,"href":"https:\/\/bor-usa.com\/es\/wp-json\/wp\/v2\/product_cat?post=989470"},{"taxonomy":"product_tag","embeddable":true,"href":"https:\/\/bor-usa.com\/es\/wp-json\/wp\/v2\/product_tag?post=989470"}],"curies":[{"name":"wp","href":"https:\/\/api.w.org\/{rel}","templated":true}]}}